{"id":22,"date":"2025-04-16T08:14:29","date_gmt":"2025-04-16T08:14:29","guid":{"rendered":"https:\/\/example.com\/?page_id=7"},"modified":"2025-11-27T16:09:16","modified_gmt":"2025-11-27T15:09:16","slug":"wellness","status":"publish","type":"page","link":"https:\/\/www.hotelondrasuvdvur.cz\/en\/wellness\/","title":{"rendered":"Wellness"},"content":{"rendered":"<div data-elementor-type=\"wp-page\" data-elementor-id=\"22\" class=\"elementor elementor-22\" data-elementor-post-type=\"page\">\n\t\t\t\t<div class=\"elementor-element elementor-element-6931409 e-con-full e-flex e-con e-parent\" data-id=\"6931409\" data-element_type=\"container\">\n\t\t<a class=\"elementor-element elementor-element-642d30b e-con-full e-flex e-con e-child\" data-id=\"642d30b\" data-element_type=\"container\" data-settings=\"{&quot;background_background&quot;:&quot;classic&quot;}\" href=\"https:\/\/www.hotelondrasuvdvur.cz\/en\/saunovy-svet\/\">\n\t\t\t\t<div class=\"elementor-element elementor-element-dbda2ef elementor-widget elementor-widget-spacer\" data-id=\"dbda2ef\" data-element_type=\"widget\" data-widget_type=\"spacer.default\">\n\t\t\t\t<div class=\"elementor-widget-container\">\n\t\t\t\t\t\t\t<div class=\"elementor-spacer\">\n\t\t\t<div class=\"elementor-spacer-inner\"><\/div>\n\t\t<\/div>\n\t\t\t\t\t\t<\/div>\n\t\t\t\t<\/div>\n\t\t<div class=\"elementor-element elementor-element-090bb08 e-con-full e-flex e-con e-child\" data-id=\"090bb08\" data-element_type=\"container\">\n\t\t<div class=\"elementor-element elementor-element-8394068 e-con-full e-flex e-con e-child\" data-id=\"8394068\" data-element_type=\"container\">\n\t\t\t\t<div class=\"elementor-element elementor-element-b3a748e elementor-widget elementor-widget-heading\" data-id=\"b3a748e\" data-element_type=\"widget\" data-widget_type=\"heading.default\">\n\t\t\t\t<div class=\"elementor-widget-container\">\n\t\t\t\t\t<h2 class=\"elementor-heading-title elementor-size-default\">Wellness<\/h2>\t\t\t\t<\/div>\n\t\t\t\t<\/div>\n\t\t\t\t<div class=\"elementor-element elementor-element-a5fc6a7 elementor-widget elementor-widget-heading\" data-id=\"a5fc6a7\" data-element_type=\"widget\" data-widget_type=\"heading.default\">\n\t\t\t\t<div class=\"elementor-widget-container\">\n\t\t\t\t\t<h2 class=\"elementor-heading-title elementor-size-default\">Sauna world<\/h2>\t\t\t\t<\/div>\n\t\t\t\t<\/div>\n\t\t\t\t<\/div>\n\t\t<div class=\"elementor-element elementor-element-4001924 e-con-full e-flex e-con e-child\" data-id=\"4001924\" data-element_type=\"container\">\n\t\t\t\t<div class=\"elementor-element elementor-element-e8f6f2c elementor-widget__width-initial circle-button elementor-widget elementor-widget-html\" data-id=\"e8f6f2c\" data-element_type=\"widget\" data-widget_type=\"html.default\">\n\t\t\t\t<div class=\"elementor-widget-container\">\n\t\t\t\t\t<button class=\"circle-button\">\n    <svg width=\"80\" height=\"80\" viewbox=\"0 0 80 80\">\n        <!-- Pevn\u00fd \u0161ed\u00fd border -->\n        <circle cx=\"40\" cy=\"40\" r=\"35\" class=\"border-bg\"><\/circle>\n        <!-- Animovan\u00fd border -->\n        <circle cx=\"40\" cy=\"40\" r=\"35\" class=\"border-animated\"><\/circle>\n    <\/svg>\n    <span class=\"arrow\">\u2192<\/span>\n<\/button>\t\t\t\t<\/div>\n\t\t\t\t<\/div>\n\t\t\t\t<\/div>\n\t\t\t\t<\/div>\n\t\t\t\t<\/a>\n\t\t<a class=\"elementor-element elementor-element-f6acbf6 e-con-full e-flex e-con e-child\" data-id=\"f6acbf6\" data-element_type=\"container\" data-settings=\"{&quot;background_background&quot;:&quot;classic&quot;}\" href=\"https:\/\/www.hotelondrasuvdvur.cz\/en\/thermal-park\/\">\n\t\t\t\t<div class=\"elementor-element elementor-element-a353c88 elementor-widget elementor-widget-spacer\" data-id=\"a353c88\" data-element_type=\"widget\" data-widget_type=\"spacer.default\">\n\t\t\t\t<div class=\"elementor-widget-container\">\n\t\t\t\t\t\t\t<div class=\"elementor-spacer\">\n\t\t\t<div class=\"elementor-spacer-inner\"><\/div>\n\t\t<\/div>\n\t\t\t\t\t\t<\/div>\n\t\t\t\t<\/div>\n\t\t<div class=\"elementor-element elementor-element-2d6f62c e-con-full e-flex e-con e-child\" data-id=\"2d6f62c\" data-element_type=\"container\">\n\t\t<div class=\"elementor-element elementor-element-d187991 e-con-full e-flex e-con e-child\" data-id=\"d187991\" data-element_type=\"container\">\n\t\t\t\t<div class=\"elementor-element elementor-element-969b27d elementor-widget elementor-widget-heading\" data-id=\"969b27d\" data-element_type=\"widget\" data-widget_type=\"heading.default\">\n\t\t\t\t<div class=\"elementor-widget-container\">\n\t\t\t\t\t<h2 class=\"elementor-heading-title elementor-size-default\">wellness<\/h2>\t\t\t\t<\/div>\n\t\t\t\t<\/div>\n\t\t\t\t<div class=\"elementor-element elementor-element-39c1be4 elementor-widget elementor-widget-heading\" data-id=\"39c1be4\" data-element_type=\"widget\" data-widget_type=\"heading.default\">\n\t\t\t\t<div class=\"elementor-widget-container\">\n\t\t\t\t\t<h2 class=\"elementor-heading-title elementor-size-default\">Thermal Park<\/h2>\t\t\t\t<\/div>\n\t\t\t\t<\/div>\n\t\t\t\t<\/div>\n\t\t<div class=\"elementor-element elementor-element-75ff994 e-con-full e-flex e-con e-child\" data-id=\"75ff994\" data-element_type=\"container\">\n\t\t\t\t<div class=\"elementor-element elementor-element-353fff5 elementor-widget__width-initial circle-button elementor-widget elementor-widget-html\" data-id=\"353fff5\" data-element_type=\"widget\" data-widget_type=\"html.default\">\n\t\t\t\t<div class=\"elementor-widget-container\">\n\t\t\t\t\t<button class=\"circle-button\">\n    <svg width=\"80\" height=\"80\" viewbox=\"0 0 80 80\">\n        <!-- Pevn\u00fd \u0161ed\u00fd border -->\n        <circle cx=\"40\" cy=\"40\" r=\"35\" class=\"border-bg\"><\/circle>\n        <!-- Animovan\u00fd border -->\n        <circle cx=\"40\" cy=\"40\" r=\"35\" class=\"border-animated\"><\/circle>\n    <\/svg>\n    <span class=\"arrow\">\u2192<\/span>\n<\/button>\t\t\t\t<\/div>\n\t\t\t\t<\/div>\n\t\t\t\t<\/div>\n\t\t\t\t<\/div>\n\t\t\t\t<\/a>\n\t\t<a class=\"elementor-element elementor-element-7d7272f e-con-full e-flex e-con e-child\" data-id=\"7d7272f\" data-element_type=\"container\" data-settings=\"{&quot;background_background&quot;:&quot;classic&quot;}\" href=\"https:\/\/www.hotelondrasuvdvur.cz\/en\/tropico-beach-a-vnitrni-bazen\/\">\n\t\t\t\t<div class=\"elementor-element elementor-element-2a6ed13 elementor-widget elementor-widget-spacer\" data-id=\"2a6ed13\" data-element_type=\"widget\" data-widget_type=\"spacer.default\">\n\t\t\t\t<div class=\"elementor-widget-container\">\n\t\t\t\t\t\t\t<div class=\"elementor-spacer\">\n\t\t\t<div class=\"elementor-spacer-inner\"><\/div>\n\t\t<\/div>\n\t\t\t\t\t\t<\/div>\n\t\t\t\t<\/div>\n\t\t<div class=\"elementor-element elementor-element-c6ef9f5 e-con-full e-flex e-con e-child\" data-id=\"c6ef9f5\" data-element_type=\"container\">\n\t\t<div class=\"elementor-element elementor-element-7e82e9d e-con-full e-flex e-con e-child\" data-id=\"7e82e9d\" data-element_type=\"container\">\n\t\t\t\t<div class=\"elementor-element elementor-element-008b444 elementor-widget elementor-widget-heading\" data-id=\"008b444\" data-element_type=\"widget\" data-widget_type=\"heading.default\">\n\t\t\t\t<div class=\"elementor-widget-container\">\n\t\t\t\t\t<h2 class=\"elementor-heading-title elementor-size-default\">wellness<\/h2>\t\t\t\t<\/div>\n\t\t\t\t<\/div>\n\t\t\t\t<div class=\"elementor-element elementor-element-fc642f7 elementor-widget elementor-widget-heading\" data-id=\"fc642f7\" data-element_type=\"widget\" data-widget_type=\"heading.default\">\n\t\t\t\t<div class=\"elementor-widget-container\">\n\t\t\t\t\t<h2 class=\"elementor-heading-title elementor-size-default\">Tropico Beach and indoor pool<\/h2>\t\t\t\t<\/div>\n\t\t\t\t<\/div>\n\t\t\t\t<\/div>\n\t\t<div class=\"elementor-element elementor-element-1d39079 e-con-full e-flex e-con e-child\" data-id=\"1d39079\" data-element_type=\"container\">\n\t\t\t\t<div class=\"elementor-element elementor-element-0023856 elementor-widget__width-initial circle-button elementor-widget elementor-widget-html\" data-id=\"0023856\" data-element_type=\"widget\" data-widget_type=\"html.default\">\n\t\t\t\t<div class=\"elementor-widget-container\">\n\t\t\t\t\t<button class=\"circle-button\">\n    <svg width=\"80\" height=\"80\" viewbox=\"0 0 80 80\">\n        <!-- Pevn\u00fd \u0161ed\u00fd border -->\n        <circle cx=\"40\" cy=\"40\" r=\"35\" class=\"border-bg\"><\/circle>\n        <!-- Animovan\u00fd border -->\n        <circle cx=\"40\" cy=\"40\" r=\"35\" class=\"border-animated\"><\/circle>\n    <\/svg>\n    <span class=\"arrow\">\u2192<\/span>\n<\/button>\t\t\t\t<\/div>\n\t\t\t\t<\/div>\n\t\t\t\t<\/div>\n\t\t\t\t<\/div>\n\t\t\t\t<\/a>\n\t\t<a class=\"elementor-element elementor-element-aac1066 e-con-full e-flex e-con e-child\" data-id=\"aac1066\" data-element_type=\"container\" data-settings=\"{&quot;background_background&quot;:&quot;classic&quot;}\" href=\"https:\/\/www.hotelondrasuvdvur.cz\/en\/masaze\/\">\n\t\t\t\t<div class=\"elementor-element elementor-element-37236e4 elementor-widget elementor-widget-spacer\" data-id=\"37236e4\" data-element_type=\"widget\" data-widget_type=\"spacer.default\">\n\t\t\t\t<div class=\"elementor-widget-container\">\n\t\t\t\t\t\t\t<div class=\"elementor-spacer\">\n\t\t\t<div class=\"elementor-spacer-inner\"><\/div>\n\t\t<\/div>\n\t\t\t\t\t\t<\/div>\n\t\t\t\t<\/div>\n\t\t<div class=\"elementor-element elementor-element-8f5dda0 e-con-full e-flex e-con e-child\" data-id=\"8f5dda0\" data-element_type=\"container\">\n\t\t<div class=\"elementor-element elementor-element-f1cea42 e-con-full e-flex e-con e-child\" data-id=\"f1cea42\" data-element_type=\"container\">\n\t\t\t\t<div class=\"elementor-element elementor-element-2bb0dea elementor-widget elementor-widget-heading\" data-id=\"2bb0dea\" data-element_type=\"widget\" data-widget_type=\"heading.default\">\n\t\t\t\t<div class=\"elementor-widget-container\">\n\t\t\t\t\t<h2 class=\"elementor-heading-title elementor-size-default\">wellness<\/h2>\t\t\t\t<\/div>\n\t\t\t\t<\/div>\n\t\t\t\t<div class=\"elementor-element elementor-element-9c0ca6e elementor-widget elementor-widget-heading\" data-id=\"9c0ca6e\" data-element_type=\"widget\" data-widget_type=\"heading.default\">\n\t\t\t\t<div class=\"elementor-widget-container\">\n\t\t\t\t\t<h2 class=\"elementor-heading-title elementor-size-default\">Massage<\/h2>\t\t\t\t<\/div>\n\t\t\t\t<\/div>\n\t\t\t\t<\/div>\n\t\t<div class=\"elementor-element elementor-element-1410385 e-con-full e-flex e-con e-child\" data-id=\"1410385\" data-element_type=\"container\">\n\t\t\t\t<div class=\"elementor-element elementor-element-781d2bc elementor-widget__width-initial circle-button elementor-widget elementor-widget-html\" data-id=\"781d2bc\" data-element_type=\"widget\" data-widget_type=\"html.default\">\n\t\t\t\t<div class=\"elementor-widget-container\">\n\t\t\t\t\t<button class=\"circle-button\">\n    <svg width=\"80\" height=\"80\" viewbox=\"0 0 80 80\">\n        <!-- Pevn\u00fd \u0161ed\u00fd border -->\n        <circle cx=\"40\" cy=\"40\" r=\"35\" class=\"border-bg\"><\/circle>\n        <!-- Animovan\u00fd border -->\n        <circle cx=\"40\" cy=\"40\" r=\"35\" class=\"border-animated\"><\/circle>\n    <\/svg>\n    <span class=\"arrow\">\u2192<\/span>\n<\/button>\t\t\t\t<\/div>\n\t\t\t\t<\/div>\n\t\t\t\t<\/div>\n\t\t\t\t<\/div>\n\t\t\t\t<\/a>\n\t\t\t\t<\/div>\n\t\t\t\t<\/div>","protected":false},"excerpt":{"rendered":"<p>Wellness Saunov\u00fd sv\u011bt \u2192 wellness Thermal Park \u2192 wellness Tropico Beach a vnit\u0159n\u00ed baz\u00e9n \u2192 wellness Mas\u00e1\u017ee \u2192<\/p>","protected":false},"author":1,"featured_media":0,"parent":0,"menu_order":0,"comment_status":"closed","ping_status":"closed","template":"elementor_header_footer","meta":{"footnotes":""},"class_list":["post-22","page","type-page","status-publish","hentry"],"yoast_head":"<!-- This site is optimized with the Yoast SEO plugin v26.8 - https:\/\/yoast.com\/product\/yoast-seo-wordpress\/ -->\n<title>Wellness - Hotel Ondr\u00e1\u0161\u016fv dv\u016fr - Beskydy resort<\/title>\n<meta name=\"robots\" content=\"index, follow, max-snippet:-1, max-image-preview:large, max-video-preview:-1\" \/>\n<link rel=\"canonical\" href=\"https:\/\/www.hotelondrasuvdvur.cz\/en\/wellness\/\" \/>\n<meta property=\"og:locale\" content=\"en_GB\" \/>\n<meta property=\"og:type\" content=\"article\" \/>\n<meta property=\"og:title\" content=\"Wellness - Hotel Ondr\u00e1\u0161\u016fv dv\u016fr - Beskydy resort\" \/>\n<meta property=\"og:description\" content=\"Wellness Saunov\u00fd sv\u011bt \u2192 wellness Thermal Park \u2192 wellness Tropico Beach a vnit\u0159n\u00ed baz\u00e9n \u2192 wellness Mas\u00e1\u017ee \u2192\" \/>\n<meta property=\"og:url\" content=\"https:\/\/www.hotelondrasuvdvur.cz\/en\/wellness\/\" \/>\n<meta property=\"og:site_name\" content=\"Hotel Ondr\u00e1\u0161\u016fv dv\u016fr - Beskydy resort\" \/>\n<meta property=\"article:publisher\" content=\"https:\/\/www.facebook.com\/ondrasuvdvur\" \/>\n<meta property=\"article:modified_time\" content=\"2025-11-27T15:09:16+00:00\" \/>\n<meta name=\"twitter:card\" content=\"summary_large_image\" \/>\n<meta name=\"twitter:label1\" content=\"Estimated reading time\" \/>\n\t<meta name=\"twitter:data1\" content=\"1 minute\" \/>\n<script type=\"application\/ld+json\" class=\"yoast-schema-graph\">{\"@context\":\"https:\/\/schema.org\",\"@graph\":[{\"@type\":\"WebPage\",\"@id\":\"https:\/\/www.hotelondrasuvdvur.cz\/wellness\/\",\"url\":\"https:\/\/www.hotelondrasuvdvur.cz\/wellness\/\",\"name\":\"Wellness - Hotel Ondr\u00e1\u0161\u016fv dv\u016fr - Beskydy resort\",\"isPartOf\":{\"@id\":\"https:\/\/www.hotelondrasuvdvur.cz\/#website\"},\"datePublished\":\"2025-04-16T08:14:29+00:00\",\"dateModified\":\"2025-11-27T15:09:16+00:00\",\"breadcrumb\":{\"@id\":\"https:\/\/www.hotelondrasuvdvur.cz\/wellness\/#breadcrumb\"},\"inLanguage\":\"en-GB\",\"potentialAction\":[{\"@type\":\"ReadAction\",\"target\":[\"https:\/\/www.hotelondrasuvdvur.cz\/wellness\/\"]}]},{\"@type\":\"BreadcrumbList\",\"@id\":\"https:\/\/www.hotelondrasuvdvur.cz\/wellness\/#breadcrumb\",\"itemListElement\":[{\"@type\":\"ListItem\",\"position\":1,\"name\":\"Dom\u016f\",\"item\":\"https:\/\/www.hotelondrasuvdvur.cz\/\"},{\"@type\":\"ListItem\",\"position\":2,\"name\":\"Wellness\"}]},{\"@type\":\"WebSite\",\"@id\":\"https:\/\/www.hotelondrasuvdvur.cz\/#website\",\"url\":\"https:\/\/www.hotelondrasuvdvur.cz\/\",\"name\":\"Hotel Ondr\u00e1\u0161\u016fv dv\u016fr - Beskydy resort\",\"description\":\"Wellness resort pro dosp\u011bl\u00e9\",\"publisher\":{\"@id\":\"https:\/\/www.hotelondrasuvdvur.cz\/#organization\"},\"potentialAction\":[{\"@type\":\"SearchAction\",\"target\":{\"@type\":\"EntryPoint\",\"urlTemplate\":\"https:\/\/www.hotelondrasuvdvur.cz\/?s={search_term_string}\"},\"query-input\":{\"@type\":\"PropertyValueSpecification\",\"valueRequired\":true,\"valueName\":\"search_term_string\"}}],\"inLanguage\":\"en-GB\"},{\"@type\":\"Organization\",\"@id\":\"https:\/\/www.hotelondrasuvdvur.cz\/#organization\",\"name\":\"Hotel Ondr\u00e1\u0161\u016fv dv\u016fr - Beskydy resort\",\"url\":\"https:\/\/www.hotelondrasuvdvur.cz\/\",\"logo\":{\"@type\":\"ImageObject\",\"inLanguage\":\"en-GB\",\"@id\":\"https:\/\/www.hotelondrasuvdvur.cz\/#\/schema\/logo\/image\/\",\"url\":\"https:\/\/www.hotelondrasuvdvur.cz\/wp-content\/uploads\/2025\/07\/cropped-Favicon.png\",\"contentUrl\":\"https:\/\/www.hotelondrasuvdvur.cz\/wp-content\/uploads\/2025\/07\/cropped-Favicon.png\",\"width\":512,\"height\":512,\"caption\":\"Hotel Ondr\u00e1\u0161\u016fv dv\u016fr - Beskydy resort\"},\"image\":{\"@id\":\"https:\/\/www.hotelondrasuvdvur.cz\/#\/schema\/logo\/image\/\"},\"sameAs\":[\"https:\/\/www.facebook.com\/ondrasuvdvur\"]}]}<\/script>\n<!-- \/ Yoast SEO plugin. -->","yoast_head_json":{"title":"Wellness - Hotel Ondr\u00e1\u0161\u016fv dv\u016fr - Beskydy resort","robots":{"index":"index","follow":"follow","max-snippet":"max-snippet:-1","max-image-preview":"max-image-preview:large","max-video-preview":"max-video-preview:-1"},"canonical":"https:\/\/www.hotelondrasuvdvur.cz\/en\/wellness\/","og_locale":"en_GB","og_type":"article","og_title":"Wellness - Hotel Ondr\u00e1\u0161\u016fv dv\u016fr - Beskydy resort","og_description":"Wellness Saunov\u00fd sv\u011bt \u2192 wellness Thermal Park \u2192 wellness Tropico Beach a vnit\u0159n\u00ed baz\u00e9n \u2192 wellness Mas\u00e1\u017ee \u2192","og_url":"https:\/\/www.hotelondrasuvdvur.cz\/en\/wellness\/","og_site_name":"Hotel Ondr\u00e1\u0161\u016fv dv\u016fr - Beskydy resort","article_publisher":"https:\/\/www.facebook.com\/ondrasuvdvur","article_modified_time":"2025-11-27T15:09:16+00:00","twitter_card":"summary_large_image","twitter_misc":{"Estimated reading time":"1 minute"},"schema":{"@context":"https:\/\/schema.org","@graph":[{"@type":"WebPage","@id":"https:\/\/www.hotelondrasuvdvur.cz\/wellness\/","url":"https:\/\/www.hotelondrasuvdvur.cz\/wellness\/","name":"Wellness - Hotel Ondr\u00e1\u0161\u016fv dv\u016fr - Beskydy resort","isPartOf":{"@id":"https:\/\/www.hotelondrasuvdvur.cz\/#website"},"datePublished":"2025-04-16T08:14:29+00:00","dateModified":"2025-11-27T15:09:16+00:00","breadcrumb":{"@id":"https:\/\/www.hotelondrasuvdvur.cz\/wellness\/#breadcrumb"},"inLanguage":"en-GB","potentialAction":[{"@type":"ReadAction","target":["https:\/\/www.hotelondrasuvdvur.cz\/wellness\/"]}]},{"@type":"BreadcrumbList","@id":"https:\/\/www.hotelondrasuvdvur.cz\/wellness\/#breadcrumb","itemListElement":[{"@type":"ListItem","position":1,"name":"Dom\u016f","item":"https:\/\/www.hotelondrasuvdvur.cz\/"},{"@type":"ListItem","position":2,"name":"Wellness"}]},{"@type":"WebSite","@id":"https:\/\/www.hotelondrasuvdvur.cz\/#website","url":"https:\/\/www.hotelondrasuvdvur.cz\/","name":"Hotel Ondr\u00e1\u0161\u016fv dv\u016fr - Beskydy resort","description":"Wellness resort pro dosp\u011bl\u00e9","publisher":{"@id":"https:\/\/www.hotelondrasuvdvur.cz\/#organization"},"potentialAction":[{"@type":"SearchAction","target":{"@type":"EntryPoint","urlTemplate":"https:\/\/www.hotelondrasuvdvur.cz\/?s={search_term_string}"},"query-input":{"@type":"PropertyValueSpecification","valueRequired":true,"valueName":"search_term_string"}}],"inLanguage":"en-GB"},{"@type":"Organization","@id":"https:\/\/www.hotelondrasuvdvur.cz\/#organization","name":"Hotel Ondr\u00e1\u0161\u016fv dv\u016fr - Beskydy resort","url":"https:\/\/www.hotelondrasuvdvur.cz\/","logo":{"@type":"ImageObject","inLanguage":"en-GB","@id":"https:\/\/www.hotelondrasuvdvur.cz\/#\/schema\/logo\/image\/","url":"https:\/\/www.hotelondrasuvdvur.cz\/wp-content\/uploads\/2025\/07\/cropped-Favicon.png","contentUrl":"https:\/\/www.hotelondrasuvdvur.cz\/wp-content\/uploads\/2025\/07\/cropped-Favicon.png","width":512,"height":512,"caption":"Hotel Ondr\u00e1\u0161\u016fv dv\u016fr - Beskydy resort"},"image":{"@id":"https:\/\/www.hotelondrasuvdvur.cz\/#\/schema\/logo\/image\/"},"sameAs":["https:\/\/www.facebook.com\/ondrasuvdvur"]}]}},"_links":{"self":[{"href":"https:\/\/www.hotelondrasuvdvur.cz\/en\/wp-json\/wp\/v2\/pages\/22","targetHints":{"allow":["GET"]}}],"collection":[{"href":"https:\/\/www.hotelondrasuvdvur.cz\/en\/wp-json\/wp\/v2\/pages"}],"about":[{"href":"https:\/\/www.hotelondrasuvdvur.cz\/en\/wp-json\/wp\/v2\/types\/page"}],"author":[{"embeddable":true,"href":"https:\/\/www.hotelondrasuvdvur.cz\/en\/wp-json\/wp\/v2\/users\/1"}],"replies":[{"embeddable":true,"href":"https:\/\/www.hotelondrasuvdvur.cz\/en\/wp-json\/wp\/v2\/comments?post=22"}],"version-history":[{"count":0,"href":"https:\/\/www.hotelondrasuvdvur.cz\/en\/wp-json\/wp\/v2\/pages\/22\/revisions"}],"wp:attachment":[{"href":"https:\/\/www.hotelondrasuvdvur.cz\/en\/wp-json\/wp\/v2\/media?parent=22"}],"curies":[{"name":"wp","href":"https:\/\/api.w.org\/{rel}","templated":true}]}}