{"id":28,"date":"2025-04-16T08:14:29","date_gmt":"2025-04-16T08:14:29","guid":{"rendered":"https:\/\/example.com\/?page_id=15"},"modified":"2026-01-23T14:38:28","modified_gmt":"2026-01-23T13:38:28","slug":"poukazy","status":"publish","type":"page","link":"https:\/\/www.hotelondrasuvdvur.cz\/en\/poukazy\/","title":{"rendered":"Vouchers"},"content":{"rendered":"<div data-elementor-type=\"wp-page\" data-elementor-id=\"28\" class=\"elementor elementor-28\" data-elementor-post-type=\"page\">\n\t\t\t\t<div class=\"elementor-element elementor-element-19f2c80 e-con-full e-flex e-con e-parent\" data-id=\"19f2c80\" data-element_type=\"container\">\n\t\t<a class=\"elementor-element elementor-element-d33d484 e-con-full e-flex e-con e-child\" data-id=\"d33d484\" data-element_type=\"container\" data-settings=\"{&quot;background_background&quot;:&quot;classic&quot;}\" href=\"https:\/\/www.hotelondrasuvdvur.cz\/en\/darkove-poukazy\/\">\n\t\t\t\t<div class=\"elementor-element elementor-element-b84ccf7 elementor-widget elementor-widget-spacer\" data-id=\"b84ccf7\" data-element_type=\"widget\" data-widget_type=\"spacer.default\">\n\t\t\t\t<div class=\"elementor-widget-container\">\n\t\t\t\t\t\t\t<div class=\"elementor-spacer\">\n\t\t\t<div class=\"elementor-spacer-inner\"><\/div>\n\t\t<\/div>\n\t\t\t\t\t\t<\/div>\n\t\t\t\t<\/div>\n\t\t<div class=\"elementor-element elementor-element-c0d2427 e-con-full e-flex e-con e-child\" data-id=\"c0d2427\" data-element_type=\"container\">\n\t\t<div class=\"elementor-element elementor-element-d115b31 e-con-full e-flex e-con e-child\" data-id=\"d115b31\" data-element_type=\"container\">\n\t\t\t\t<div class=\"elementor-element elementor-element-7201fef elementor-widget elementor-widget-rating\" data-id=\"7201fef\" data-element_type=\"widget\" data-widget_type=\"rating.default\">\n\t\t\t\t<div class=\"elementor-widget-container\">\n\t\t\t\t\t\t\t<div class=\"e-rating\" itemtype=\"https:\/\/schema.org\/Rating\" itemscope=\"\" itemprop=\"reviewRating\">\n\t\t\t<meta itemprop=\"worstRating\" content=\"0\">\n\t\t\t<meta itemprop=\"bestRating\" content=\"4\">\n\t\t\t<div class=\"e-rating-wrapper\" itemprop=\"ratingValue\" content=\"4\" role=\"img\" aria-label=\"Rated 4 out of 4\">\n\t\t\t\t\t\t\t<div class=\"e-icon\">\n\t\t\t\t<div class=\"e-icon-wrapper e-icon-marked\">\n\t\t\t\t\t<svg aria-hidden=\"true\" class=\"e-font-icon-svg e-fas-star\" viewbox=\"0 0 576 512\" xmlns=\"http:\/\/www.w3.org\/2000\/svg\"><path d=\"M259.3 17.8L194 150.2 47.9 171.5c-26.2 3.8-36.7 36.1-17.7 54.6l105.7 103-25 145.5c-4.5 26.3 23.2 46 46.4 33.7L288 439.6l130.7 68.7c23.2 12.2 50.9-7.4 46.4-33.7l-25-145.5 105.7-103c19-18.5 8.5-50.8-17.7-54.6L382 150.2 316.7 17.8c-11.7-23.6-45.6-23.9-57.4 0z\"><\/path><\/svg>\t\t\t\t<\/div>\n\t\t\t\t<div class=\"e-icon-wrapper e-icon-unmarked\">\n\t\t\t\t\t<svg aria-hidden=\"true\" class=\"e-font-icon-svg e-fas-star\" viewbox=\"0 0 576 512\" xmlns=\"http:\/\/www.w3.org\/2000\/svg\"><path d=\"M259.3 17.8L194 150.2 47.9 171.5c-26.2 3.8-36.7 36.1-17.7 54.6l105.7 103-25 145.5c-4.5 26.3 23.2 46 46.4 33.7L288 439.6l130.7 68.7c23.2 12.2 50.9-7.4 46.4-33.7l-25-145.5 105.7-103c19-18.5 8.5-50.8-17.7-54.6L382 150.2 316.7 17.8c-11.7-23.6-45.6-23.9-57.4 0z\"><\/path><\/svg>\t\t\t\t<\/div>\n\t\t\t<\/div>\n\t\t\t\t\t\t<div class=\"e-icon\">\n\t\t\t\t<div class=\"e-icon-wrapper e-icon-marked\">\n\t\t\t\t\t<svg aria-hidden=\"true\" class=\"e-font-icon-svg e-fas-star\" viewbox=\"0 0 576 512\" xmlns=\"http:\/\/www.w3.org\/2000\/svg\"><path d=\"M259.3 17.8L194 150.2 47.9 171.5c-26.2 3.8-36.7 36.1-17.7 54.6l105.7 103-25 145.5c-4.5 26.3 23.2 46 46.4 33.7L288 439.6l130.7 68.7c23.2 12.2 50.9-7.4 46.4-33.7l-25-145.5 105.7-103c19-18.5 8.5-50.8-17.7-54.6L382 150.2 316.7 17.8c-11.7-23.6-45.6-23.9-57.4 0z\"><\/path><\/svg>\t\t\t\t<\/div>\n\t\t\t\t<div class=\"e-icon-wrapper e-icon-unmarked\">\n\t\t\t\t\t<svg aria-hidden=\"true\" class=\"e-font-icon-svg e-fas-star\" viewbox=\"0 0 576 512\" xmlns=\"http:\/\/www.w3.org\/2000\/svg\"><path d=\"M259.3 17.8L194 150.2 47.9 171.5c-26.2 3.8-36.7 36.1-17.7 54.6l105.7 103-25 145.5c-4.5 26.3 23.2 46 46.4 33.7L288 439.6l130.7 68.7c23.2 12.2 50.9-7.4 46.4-33.7l-25-145.5 105.7-103c19-18.5 8.5-50.8-17.7-54.6L382 150.2 316.7 17.8c-11.7-23.6-45.6-23.9-57.4 0z\"><\/path><\/svg>\t\t\t\t<\/div>\n\t\t\t<\/div>\n\t\t\t\t\t\t<div class=\"e-icon\">\n\t\t\t\t<div class=\"e-icon-wrapper e-icon-marked\">\n\t\t\t\t\t<svg aria-hidden=\"true\" class=\"e-font-icon-svg e-fas-star\" viewbox=\"0 0 576 512\" xmlns=\"http:\/\/www.w3.org\/2000\/svg\"><path d=\"M259.3 17.8L194 150.2 47.9 171.5c-26.2 3.8-36.7 36.1-17.7 54.6l105.7 103-25 145.5c-4.5 26.3 23.2 46 46.4 33.7L288 439.6l130.7 68.7c23.2 12.2 50.9-7.4 46.4-33.7l-25-145.5 105.7-103c19-18.5 8.5-50.8-17.7-54.6L382 150.2 316.7 17.8c-11.7-23.6-45.6-23.9-57.4 0z\"><\/path><\/svg>\t\t\t\t<\/div>\n\t\t\t\t<div class=\"e-icon-wrapper e-icon-unmarked\">\n\t\t\t\t\t<svg aria-hidden=\"true\" class=\"e-font-icon-svg e-fas-star\" viewbox=\"0 0 576 512\" xmlns=\"http:\/\/www.w3.org\/2000\/svg\"><path d=\"M259.3 17.8L194 150.2 47.9 171.5c-26.2 3.8-36.7 36.1-17.7 54.6l105.7 103-25 145.5c-4.5 26.3 23.2 46 46.4 33.7L288 439.6l130.7 68.7c23.2 12.2 50.9-7.4 46.4-33.7l-25-145.5 105.7-103c19-18.5 8.5-50.8-17.7-54.6L382 150.2 316.7 17.8c-11.7-23.6-45.6-23.9-57.4 0z\"><\/path><\/svg>\t\t\t\t<\/div>\n\t\t\t<\/div>\n\t\t\t\t\t\t<div class=\"e-icon\">\n\t\t\t\t<div class=\"e-icon-wrapper e-icon-marked\">\n\t\t\t\t\t<svg aria-hidden=\"true\" class=\"e-font-icon-svg e-fas-star\" viewbox=\"0 0 576 512\" xmlns=\"http:\/\/www.w3.org\/2000\/svg\"><path d=\"M259.3 17.8L194 150.2 47.9 171.5c-26.2 3.8-36.7 36.1-17.7 54.6l105.7 103-25 145.5c-4.5 26.3 23.2 46 46.4 33.7L288 439.6l130.7 68.7c23.2 12.2 50.9-7.4 46.4-33.7l-25-145.5 105.7-103c19-18.5 8.5-50.8-17.7-54.6L382 150.2 316.7 17.8c-11.7-23.6-45.6-23.9-57.4 0z\"><\/path><\/svg>\t\t\t\t<\/div>\n\t\t\t\t<div class=\"e-icon-wrapper e-icon-unmarked\">\n\t\t\t\t\t<svg aria-hidden=\"true\" class=\"e-font-icon-svg e-fas-star\" viewbox=\"0 0 576 512\" xmlns=\"http:\/\/www.w3.org\/2000\/svg\"><path d=\"M259.3 17.8L194 150.2 47.9 171.5c-26.2 3.8-36.7 36.1-17.7 54.6l105.7 103-25 145.5c-4.5 26.3 23.2 46 46.4 33.7L288 439.6l130.7 68.7c23.2 12.2 50.9-7.4 46.4-33.7l-25-145.5 105.7-103c19-18.5 8.5-50.8-17.7-54.6L382 150.2 316.7 17.8c-11.7-23.6-45.6-23.9-57.4 0z\"><\/path><\/svg>\t\t\t\t<\/div>\n\t\t\t<\/div>\n\t\t\t\t\t\t<\/div>\n\t\t<\/div>\n\t\t\t\t\t\t<\/div>\n\t\t\t\t<\/div>\n\t\t\t\t<div class=\"elementor-element elementor-element-0e6d535 elementor-widget elementor-widget-heading\" data-id=\"0e6d535\" data-element_type=\"widget\" data-widget_type=\"heading.default\">\n\t\t\t\t<div class=\"elementor-widget-container\">\n\t\t\t\t\t<h2 class=\"elementor-heading-title elementor-size-default\">Gift vouchers<\/h2>\t\t\t\t<\/div>\n\t\t\t\t<\/div>\n\t\t\t\t<\/div>\n\t\t<div class=\"elementor-element elementor-element-646fe98 e-con-full e-flex e-con e-child\" data-id=\"646fe98\" data-element_type=\"container\">\n\t\t\t\t<div class=\"elementor-element elementor-element-2344378 elementor-widget__width-initial circle-button elementor-widget elementor-widget-html\" data-id=\"2344378\" data-element_type=\"widget\" data-widget_type=\"html.default\">\n\t\t\t\t<div class=\"elementor-widget-container\">\n\t\t\t\t\t<button class=\"circle-button\">\n    <svg width=\"80\" height=\"80\" viewbox=\"0 0 80 80\">\n        <!-- Pevn\u00fd \u0161ed\u00fd border -->\n        <circle cx=\"40\" cy=\"40\" r=\"35\" class=\"border-bg\"><\/circle>\n        <!-- Animovan\u00fd border -->\n        <circle cx=\"40\" cy=\"40\" r=\"35\" class=\"border-animated\"><\/circle>\n    <\/svg>\n    <span class=\"arrow\">\u2192<\/span>\n<\/button>\t\t\t\t<\/div>\n\t\t\t\t<\/div>\n\t\t\t\t<\/div>\n\t\t\t\t<\/div>\n\t\t\t\t<\/a>\n\t\t<a class=\"elementor-element elementor-element-fb03a32 e-con-full e-flex e-con e-child\" data-id=\"fb03a32\" data-element_type=\"container\" data-settings=\"{&quot;background_background&quot;:&quot;classic&quot;}\" href=\"https:\/\/www.hotelondrasuvdvur.cz\/en\/poukazy-fksp\/\">\n\t\t\t\t<div class=\"elementor-element elementor-element-19d7963 elementor-widget elementor-widget-spacer\" data-id=\"19d7963\" data-element_type=\"widget\" data-widget_type=\"spacer.default\">\n\t\t\t\t<div class=\"elementor-widget-container\">\n\t\t\t\t\t\t\t<div class=\"elementor-spacer\">\n\t\t\t<div class=\"elementor-spacer-inner\"><\/div>\n\t\t<\/div>\n\t\t\t\t\t\t<\/div>\n\t\t\t\t<\/div>\n\t\t<div class=\"elementor-element elementor-element-ca758dc e-con-full e-flex e-con e-child\" data-id=\"ca758dc\" data-element_type=\"container\">\n\t\t<div class=\"elementor-element elementor-element-8012092 e-con-full e-flex e-con e-child\" data-id=\"8012092\" data-element_type=\"container\">\n\t\t\t\t<div class=\"elementor-element elementor-element-352c657 elementor-widget elementor-widget-rating\" data-id=\"352c657\" data-element_type=\"widget\" data-widget_type=\"rating.default\">\n\t\t\t\t<div class=\"elementor-widget-container\">\n\t\t\t\t\t\t\t<div class=\"e-rating\" itemtype=\"https:\/\/schema.org\/Rating\" itemscope=\"\" itemprop=\"reviewRating\">\n\t\t\t<meta itemprop=\"worstRating\" content=\"0\">\n\t\t\t<meta itemprop=\"bestRating\" content=\"4\">\n\t\t\t<div class=\"e-rating-wrapper\" itemprop=\"ratingValue\" content=\"4\" role=\"img\" aria-label=\"Rated 4 out of 4\">\n\t\t\t\t\t\t\t<div class=\"e-icon\">\n\t\t\t\t<div class=\"e-icon-wrapper e-icon-marked\">\n\t\t\t\t\t<svg aria-hidden=\"true\" class=\"e-font-icon-svg e-fas-star\" viewbox=\"0 0 576 512\" xmlns=\"http:\/\/www.w3.org\/2000\/svg\"><path d=\"M259.3 17.8L194 150.2 47.9 171.5c-26.2 3.8-36.7 36.1-17.7 54.6l105.7 103-25 145.5c-4.5 26.3 23.2 46 46.4 33.7L288 439.6l130.7 68.7c23.2 12.2 50.9-7.4 46.4-33.7l-25-145.5 105.7-103c19-18.5 8.5-50.8-17.7-54.6L382 150.2 316.7 17.8c-11.7-23.6-45.6-23.9-57.4 0z\"><\/path><\/svg>\t\t\t\t<\/div>\n\t\t\t\t<div class=\"e-icon-wrapper e-icon-unmarked\">\n\t\t\t\t\t<svg aria-hidden=\"true\" class=\"e-font-icon-svg e-fas-star\" viewbox=\"0 0 576 512\" xmlns=\"http:\/\/www.w3.org\/2000\/svg\"><path d=\"M259.3 17.8L194 150.2 47.9 171.5c-26.2 3.8-36.7 36.1-17.7 54.6l105.7 103-25 145.5c-4.5 26.3 23.2 46 46.4 33.7L288 439.6l130.7 68.7c23.2 12.2 50.9-7.4 46.4-33.7l-25-145.5 105.7-103c19-18.5 8.5-50.8-17.7-54.6L382 150.2 316.7 17.8c-11.7-23.6-45.6-23.9-57.4 0z\"><\/path><\/svg>\t\t\t\t<\/div>\n\t\t\t<\/div>\n\t\t\t\t\t\t<div class=\"e-icon\">\n\t\t\t\t<div class=\"e-icon-wrapper e-icon-marked\">\n\t\t\t\t\t<svg aria-hidden=\"true\" class=\"e-font-icon-svg e-fas-star\" viewbox=\"0 0 576 512\" xmlns=\"http:\/\/www.w3.org\/2000\/svg\"><path d=\"M259.3 17.8L194 150.2 47.9 171.5c-26.2 3.8-36.7 36.1-17.7 54.6l105.7 103-25 145.5c-4.5 26.3 23.2 46 46.4 33.7L288 439.6l130.7 68.7c23.2 12.2 50.9-7.4 46.4-33.7l-25-145.5 105.7-103c19-18.5 8.5-50.8-17.7-54.6L382 150.2 316.7 17.8c-11.7-23.6-45.6-23.9-57.4 0z\"><\/path><\/svg>\t\t\t\t<\/div>\n\t\t\t\t<div class=\"e-icon-wrapper e-icon-unmarked\">\n\t\t\t\t\t<svg aria-hidden=\"true\" class=\"e-font-icon-svg e-fas-star\" viewbox=\"0 0 576 512\" xmlns=\"http:\/\/www.w3.org\/2000\/svg\"><path d=\"M259.3 17.8L194 150.2 47.9 171.5c-26.2 3.8-36.7 36.1-17.7 54.6l105.7 103-25 145.5c-4.5 26.3 23.2 46 46.4 33.7L288 439.6l130.7 68.7c23.2 12.2 50.9-7.4 46.4-33.7l-25-145.5 105.7-103c19-18.5 8.5-50.8-17.7-54.6L382 150.2 316.7 17.8c-11.7-23.6-45.6-23.9-57.4 0z\"><\/path><\/svg>\t\t\t\t<\/div>\n\t\t\t<\/div>\n\t\t\t\t\t\t<div class=\"e-icon\">\n\t\t\t\t<div class=\"e-icon-wrapper e-icon-marked\">\n\t\t\t\t\t<svg aria-hidden=\"true\" class=\"e-font-icon-svg e-fas-star\" viewbox=\"0 0 576 512\" xmlns=\"http:\/\/www.w3.org\/2000\/svg\"><path d=\"M259.3 17.8L194 150.2 47.9 171.5c-26.2 3.8-36.7 36.1-17.7 54.6l105.7 103-25 145.5c-4.5 26.3 23.2 46 46.4 33.7L288 439.6l130.7 68.7c23.2 12.2 50.9-7.4 46.4-33.7l-25-145.5 105.7-103c19-18.5 8.5-50.8-17.7-54.6L382 150.2 316.7 17.8c-11.7-23.6-45.6-23.9-57.4 0z\"><\/path><\/svg>\t\t\t\t<\/div>\n\t\t\t\t<div class=\"e-icon-wrapper e-icon-unmarked\">\n\t\t\t\t\t<svg aria-hidden=\"true\" class=\"e-font-icon-svg e-fas-star\" viewbox=\"0 0 576 512\" xmlns=\"http:\/\/www.w3.org\/2000\/svg\"><path d=\"M259.3 17.8L194 150.2 47.9 171.5c-26.2 3.8-36.7 36.1-17.7 54.6l105.7 103-25 145.5c-4.5 26.3 23.2 46 46.4 33.7L288 439.6l130.7 68.7c23.2 12.2 50.9-7.4 46.4-33.7l-25-145.5 105.7-103c19-18.5 8.5-50.8-17.7-54.6L382 150.2 316.7 17.8c-11.7-23.6-45.6-23.9-57.4 0z\"><\/path><\/svg>\t\t\t\t<\/div>\n\t\t\t<\/div>\n\t\t\t\t\t\t<div class=\"e-icon\">\n\t\t\t\t<div class=\"e-icon-wrapper e-icon-marked\">\n\t\t\t\t\t<svg aria-hidden=\"true\" class=\"e-font-icon-svg e-fas-star\" viewbox=\"0 0 576 512\" xmlns=\"http:\/\/www.w3.org\/2000\/svg\"><path d=\"M259.3 17.8L194 150.2 47.9 171.5c-26.2 3.8-36.7 36.1-17.7 54.6l105.7 103-25 145.5c-4.5 26.3 23.2 46 46.4 33.7L288 439.6l130.7 68.7c23.2 12.2 50.9-7.4 46.4-33.7l-25-145.5 105.7-103c19-18.5 8.5-50.8-17.7-54.6L382 150.2 316.7 17.8c-11.7-23.6-45.6-23.9-57.4 0z\"><\/path><\/svg>\t\t\t\t<\/div>\n\t\t\t\t<div class=\"e-icon-wrapper e-icon-unmarked\">\n\t\t\t\t\t<svg aria-hidden=\"true\" class=\"e-font-icon-svg e-fas-star\" viewbox=\"0 0 576 512\" xmlns=\"http:\/\/www.w3.org\/2000\/svg\"><path d=\"M259.3 17.8L194 150.2 47.9 171.5c-26.2 3.8-36.7 36.1-17.7 54.6l105.7 103-25 145.5c-4.5 26.3 23.2 46 46.4 33.7L288 439.6l130.7 68.7c23.2 12.2 50.9-7.4 46.4-33.7l-25-145.5 105.7-103c19-18.5 8.5-50.8-17.7-54.6L382 150.2 316.7 17.8c-11.7-23.6-45.6-23.9-57.4 0z\"><\/path><\/svg>\t\t\t\t<\/div>\n\t\t\t<\/div>\n\t\t\t\t\t\t<\/div>\n\t\t<\/div>\n\t\t\t\t\t\t<\/div>\n\t\t\t\t<\/div>\n\t\t\t\t<div class=\"elementor-element elementor-element-f7f318e elementor-widget elementor-widget-heading\" data-id=\"f7f318e\" data-element_type=\"widget\" data-widget_type=\"heading.default\">\n\t\t\t\t<div class=\"elementor-widget-container\">\n\t\t\t\t\t<h2 class=\"elementor-heading-title elementor-size-default\">Poukazy FKSP<\/h2>\t\t\t\t<\/div>\n\t\t\t\t<\/div>\n\t\t\t\t<\/div>\n\t\t<div class=\"elementor-element elementor-element-9f1c143 e-con-full e-flex e-con e-child\" data-id=\"9f1c143\" data-element_type=\"container\">\n\t\t\t\t<div class=\"elementor-element elementor-element-2b7799a elementor-widget__width-initial circle-button elementor-widget elementor-widget-html\" data-id=\"2b7799a\" data-element_type=\"widget\" data-widget_type=\"html.default\">\n\t\t\t\t<div class=\"elementor-widget-container\">\n\t\t\t\t\t<button class=\"circle-button\">\n    <svg width=\"80\" height=\"80\" viewbox=\"0 0 80 80\">\n        <!-- Pevn\u00fd \u0161ed\u00fd border -->\n        <circle cx=\"40\" cy=\"40\" r=\"35\" class=\"border-bg\"><\/circle>\n        <!-- Animovan\u00fd border -->\n        <circle cx=\"40\" cy=\"40\" r=\"35\" class=\"border-animated\"><\/circle>\n    <\/svg>\n    <span class=\"arrow\">\u2192<\/span>\n<\/button>\t\t\t\t<\/div>\n\t\t\t\t<\/div>\n\t\t\t\t<\/div>\n\t\t\t\t<\/div>\n\t\t\t\t<\/a>\n\t\t\t\t<\/div>\n\t\t\t\t<\/div>","protected":false},"excerpt":{"rendered":"<p>D\u00e1rkov\u00e9 poukazy \u2192 Poukazy FKSP \u2192<\/p>","protected":false},"author":1,"featured_media":0,"parent":0,"menu_order":0,"comment_status":"closed","ping_status":"closed","template":"elementor_header_footer","meta":{"footnotes":""},"class_list":["post-28","page","type-page","status-publish","hentry"],"yoast_head":"<!-- This site is optimized with the Yoast SEO plugin v26.8 - https:\/\/yoast.com\/product\/yoast-seo-wordpress\/ -->\n<title>Poukazy - Hotel Ondr\u00e1\u0161\u016fv dv\u016fr - Beskydy resort<\/title>\n<meta name=\"robots\" content=\"index, follow, max-snippet:-1, max-image-preview:large, max-video-preview:-1\" \/>\n<link rel=\"canonical\" href=\"https:\/\/www.hotelondrasuvdvur.cz\/en\/poukazy\/\" \/>\n<meta property=\"og:locale\" content=\"en_GB\" \/>\n<meta property=\"og:type\" content=\"article\" \/>\n<meta property=\"og:title\" content=\"Poukazy - Hotel Ondr\u00e1\u0161\u016fv dv\u016fr - Beskydy resort\" \/>\n<meta property=\"og:description\" content=\"D\u00e1rkov\u00e9 poukazy \u2192 Poukazy FKSP \u2192\" \/>\n<meta property=\"og:url\" content=\"https:\/\/www.hotelondrasuvdvur.cz\/en\/poukazy\/\" \/>\n<meta property=\"og:site_name\" content=\"Hotel Ondr\u00e1\u0161\u016fv dv\u016fr - Beskydy resort\" \/>\n<meta property=\"article:publisher\" content=\"https:\/\/www.facebook.com\/ondrasuvdvur\" \/>\n<meta property=\"article:modified_time\" content=\"2026-01-23T13:38:28+00:00\" \/>\n<meta name=\"twitter:card\" content=\"summary_large_image\" \/>\n<meta name=\"twitter:label1\" content=\"Estimated reading time\" \/>\n\t<meta name=\"twitter:data1\" content=\"1 minute\" \/>\n<script type=\"application\/ld+json\" class=\"yoast-schema-graph\">{\"@context\":\"https:\/\/schema.org\",\"@graph\":[{\"@type\":\"WebPage\",\"@id\":\"https:\/\/www.hotelondrasuvdvur.cz\/poukazy\/\",\"url\":\"https:\/\/www.hotelondrasuvdvur.cz\/poukazy\/\",\"name\":\"Poukazy - Hotel Ondr\u00e1\u0161\u016fv dv\u016fr - Beskydy resort\",\"isPartOf\":{\"@id\":\"https:\/\/www.hotelondrasuvdvur.cz\/#website\"},\"datePublished\":\"2025-04-16T08:14:29+00:00\",\"dateModified\":\"2026-01-23T13:38:28+00:00\",\"breadcrumb\":{\"@id\":\"https:\/\/www.hotelondrasuvdvur.cz\/poukazy\/#breadcrumb\"},\"inLanguage\":\"en-GB\",\"potentialAction\":[{\"@type\":\"ReadAction\",\"target\":[\"https:\/\/www.hotelondrasuvdvur.cz\/poukazy\/\"]}]},{\"@type\":\"BreadcrumbList\",\"@id\":\"https:\/\/www.hotelondrasuvdvur.cz\/poukazy\/#breadcrumb\",\"itemListElement\":[{\"@type\":\"ListItem\",\"position\":1,\"name\":\"Dom\u016f\",\"item\":\"https:\/\/www.hotelondrasuvdvur.cz\/\"},{\"@type\":\"ListItem\",\"position\":2,\"name\":\"Poukazy\"}]},{\"@type\":\"WebSite\",\"@id\":\"https:\/\/www.hotelondrasuvdvur.cz\/#website\",\"url\":\"https:\/\/www.hotelondrasuvdvur.cz\/\",\"name\":\"Hotel Ondr\u00e1\u0161\u016fv dv\u016fr - Beskydy resort\",\"description\":\"Wellness resort pro dosp\u011bl\u00e9\",\"publisher\":{\"@id\":\"https:\/\/www.hotelondrasuvdvur.cz\/#organization\"},\"potentialAction\":[{\"@type\":\"SearchAction\",\"target\":{\"@type\":\"EntryPoint\",\"urlTemplate\":\"https:\/\/www.hotelondrasuvdvur.cz\/?s={search_term_string}\"},\"query-input\":{\"@type\":\"PropertyValueSpecification\",\"valueRequired\":true,\"valueName\":\"search_term_string\"}}],\"inLanguage\":\"en-GB\"},{\"@type\":\"Organization\",\"@id\":\"https:\/\/www.hotelondrasuvdvur.cz\/#organization\",\"name\":\"Hotel Ondr\u00e1\u0161\u016fv dv\u016fr - Beskydy resort\",\"url\":\"https:\/\/www.hotelondrasuvdvur.cz\/\",\"logo\":{\"@type\":\"ImageObject\",\"inLanguage\":\"en-GB\",\"@id\":\"https:\/\/www.hotelondrasuvdvur.cz\/#\/schema\/logo\/image\/\",\"url\":\"https:\/\/www.hotelondrasuvdvur.cz\/wp-content\/uploads\/2025\/07\/cropped-Favicon.png\",\"contentUrl\":\"https:\/\/www.hotelondrasuvdvur.cz\/wp-content\/uploads\/2025\/07\/cropped-Favicon.png\",\"width\":512,\"height\":512,\"caption\":\"Hotel Ondr\u00e1\u0161\u016fv dv\u016fr - Beskydy resort\"},\"image\":{\"@id\":\"https:\/\/www.hotelondrasuvdvur.cz\/#\/schema\/logo\/image\/\"},\"sameAs\":[\"https:\/\/www.facebook.com\/ondrasuvdvur\"]}]}<\/script>\n<!-- \/ Yoast SEO plugin. -->","yoast_head_json":{"title":"Poukazy - Hotel Ondr\u00e1\u0161\u016fv dv\u016fr - Beskydy resort","robots":{"index":"index","follow":"follow","max-snippet":"max-snippet:-1","max-image-preview":"max-image-preview:large","max-video-preview":"max-video-preview:-1"},"canonical":"https:\/\/www.hotelondrasuvdvur.cz\/en\/poukazy\/","og_locale":"en_GB","og_type":"article","og_title":"Poukazy - Hotel Ondr\u00e1\u0161\u016fv dv\u016fr - Beskydy resort","og_description":"D\u00e1rkov\u00e9 poukazy \u2192 Poukazy FKSP \u2192","og_url":"https:\/\/www.hotelondrasuvdvur.cz\/en\/poukazy\/","og_site_name":"Hotel Ondr\u00e1\u0161\u016fv dv\u016fr - Beskydy resort","article_publisher":"https:\/\/www.facebook.com\/ondrasuvdvur","article_modified_time":"2026-01-23T13:38:28+00:00","twitter_card":"summary_large_image","twitter_misc":{"Estimated reading time":"1 minute"},"schema":{"@context":"https:\/\/schema.org","@graph":[{"@type":"WebPage","@id":"https:\/\/www.hotelondrasuvdvur.cz\/poukazy\/","url":"https:\/\/www.hotelondrasuvdvur.cz\/poukazy\/","name":"Poukazy - Hotel Ondr\u00e1\u0161\u016fv dv\u016fr - Beskydy resort","isPartOf":{"@id":"https:\/\/www.hotelondrasuvdvur.cz\/#website"},"datePublished":"2025-04-16T08:14:29+00:00","dateModified":"2026-01-23T13:38:28+00:00","breadcrumb":{"@id":"https:\/\/www.hotelondrasuvdvur.cz\/poukazy\/#breadcrumb"},"inLanguage":"en-GB","potentialAction":[{"@type":"ReadAction","target":["https:\/\/www.hotelondrasuvdvur.cz\/poukazy\/"]}]},{"@type":"BreadcrumbList","@id":"https:\/\/www.hotelondrasuvdvur.cz\/poukazy\/#breadcrumb","itemListElement":[{"@type":"ListItem","position":1,"name":"Dom\u016f","item":"https:\/\/www.hotelondrasuvdvur.cz\/"},{"@type":"ListItem","position":2,"name":"Poukazy"}]},{"@type":"WebSite","@id":"https:\/\/www.hotelondrasuvdvur.cz\/#website","url":"https:\/\/www.hotelondrasuvdvur.cz\/","name":"Hotel Ondr\u00e1\u0161\u016fv dv\u016fr - Beskydy resort","description":"Wellness resort pro dosp\u011bl\u00e9","publisher":{"@id":"https:\/\/www.hotelondrasuvdvur.cz\/#organization"},"potentialAction":[{"@type":"SearchAction","target":{"@type":"EntryPoint","urlTemplate":"https:\/\/www.hotelondrasuvdvur.cz\/?s={search_term_string}"},"query-input":{"@type":"PropertyValueSpecification","valueRequired":true,"valueName":"search_term_string"}}],"inLanguage":"en-GB"},{"@type":"Organization","@id":"https:\/\/www.hotelondrasuvdvur.cz\/#organization","name":"Hotel Ondr\u00e1\u0161\u016fv dv\u016fr - Beskydy resort","url":"https:\/\/www.hotelondrasuvdvur.cz\/","logo":{"@type":"ImageObject","inLanguage":"en-GB","@id":"https:\/\/www.hotelondrasuvdvur.cz\/#\/schema\/logo\/image\/","url":"https:\/\/www.hotelondrasuvdvur.cz\/wp-content\/uploads\/2025\/07\/cropped-Favicon.png","contentUrl":"https:\/\/www.hotelondrasuvdvur.cz\/wp-content\/uploads\/2025\/07\/cropped-Favicon.png","width":512,"height":512,"caption":"Hotel Ondr\u00e1\u0161\u016fv dv\u016fr - Beskydy resort"},"image":{"@id":"https:\/\/www.hotelondrasuvdvur.cz\/#\/schema\/logo\/image\/"},"sameAs":["https:\/\/www.facebook.com\/ondrasuvdvur"]}]}},"_links":{"self":[{"href":"https:\/\/www.hotelondrasuvdvur.cz\/en\/wp-json\/wp\/v2\/pages\/28","targetHints":{"allow":["GET"]}}],"collection":[{"href":"https:\/\/www.hotelondrasuvdvur.cz\/en\/wp-json\/wp\/v2\/pages"}],"about":[{"href":"https:\/\/www.hotelondrasuvdvur.cz\/en\/wp-json\/wp\/v2\/types\/page"}],"author":[{"embeddable":true,"href":"https:\/\/www.hotelondrasuvdvur.cz\/en\/wp-json\/wp\/v2\/users\/1"}],"replies":[{"embeddable":true,"href":"https:\/\/www.hotelondrasuvdvur.cz\/en\/wp-json\/wp\/v2\/comments?post=28"}],"version-history":[{"count":0,"href":"https:\/\/www.hotelondrasuvdvur.cz\/en\/wp-json\/wp\/v2\/pages\/28\/revisions"}],"wp:attachment":[{"href":"https:\/\/www.hotelondrasuvdvur.cz\/en\/wp-json\/wp\/v2\/media?parent=28"}],"curies":[{"name":"wp","href":"https:\/\/api.w.org\/{rel}","templated":true}]}}