{"id":30,"date":"2025-04-16T08:14:29","date_gmt":"2025-04-16T08:14:29","guid":{"rendered":"https:\/\/example.com\/?page_id=17"},"modified":"2025-09-23T12:32:14","modified_gmt":"2025-09-23T10:32:14","slug":"fotogalerie","status":"publish","type":"page","link":"https:\/\/www.hotelondrasuvdvur.cz\/en\/fotogalerie\/","title":{"rendered":"Gallery"},"content":{"rendered":"<div data-elementor-type=\"wp-page\" data-elementor-id=\"30\" class=\"elementor elementor-30\" data-elementor-post-type=\"page\">\n\t\t\t\t<div class=\"elementor-element elementor-element-33394e2 e-con-full e-flex e-con e-parent\" data-id=\"33394e2\" data-element_type=\"container\">\n\t\t<a class=\"elementor-element elementor-element-2f8d5b5 e-con-full e-flex e-con e-child\" data-id=\"2f8d5b5\" data-element_type=\"container\" data-settings=\"{&quot;background_background&quot;:&quot;classic&quot;}\" href=\"https:\/\/www.hotelondrasuvdvur.cz\/en\/fotogalerie-ubytovani\/\">\n\t\t\t\t<div class=\"elementor-element elementor-element-ebfb584 elementor-widget elementor-widget-spacer\" data-id=\"ebfb584\" data-element_type=\"widget\" data-widget_type=\"spacer.default\">\n\t\t\t\t<div class=\"elementor-widget-container\">\n\t\t\t\t\t\t\t<div class=\"elementor-spacer\">\n\t\t\t<div class=\"elementor-spacer-inner\"><\/div>\n\t\t<\/div>\n\t\t\t\t\t\t<\/div>\n\t\t\t\t<\/div>\n\t\t<div class=\"elementor-element elementor-element-52e4054 e-con-full e-flex e-con e-child\" data-id=\"52e4054\" data-element_type=\"container\">\n\t\t<div class=\"elementor-element elementor-element-a7b95b1 e-con-full e-flex e-con e-child\" data-id=\"a7b95b1\" data-element_type=\"container\">\n\t\t\t\t<div class=\"elementor-element elementor-element-d68c3e1 elementor-widget elementor-widget-heading\" data-id=\"d68c3e1\" data-element_type=\"widget\" data-widget_type=\"heading.default\">\n\t\t\t\t<div class=\"elementor-widget-container\">\n\t\t\t\t\t<h2 class=\"elementor-heading-title elementor-size-default\">Gallery<\/h2>\t\t\t\t<\/div>\n\t\t\t\t<\/div>\n\t\t\t\t<div class=\"elementor-element elementor-element-a5c58dc elementor-widget elementor-widget-heading\" data-id=\"a5c58dc\" data-element_type=\"widget\" data-widget_type=\"heading.default\">\n\t\t\t\t<div class=\"elementor-widget-container\">\n\t\t\t\t\t<h2 class=\"elementor-heading-title elementor-size-default\">Accommodation<\/h2>\t\t\t\t<\/div>\n\t\t\t\t<\/div>\n\t\t\t\t<\/div>\n\t\t<div class=\"elementor-element elementor-element-226b4d4 e-con-full e-flex e-con e-child\" data-id=\"226b4d4\" data-element_type=\"container\">\n\t\t\t\t<div class=\"elementor-element elementor-element-9c3a93a elementor-widget__width-initial circle-button elementor-widget elementor-widget-html\" data-id=\"9c3a93a\" data-element_type=\"widget\" data-widget_type=\"html.default\">\n\t\t\t\t<div class=\"elementor-widget-container\">\n\t\t\t\t\t<button class=\"circle-button\">\n    <svg width=\"80\" height=\"80\" viewbox=\"0 0 80 80\">\n        <!-- Pevn\u00fd \u0161ed\u00fd border -->\n        <circle cx=\"40\" cy=\"40\" r=\"35\" class=\"border-bg\"><\/circle>\n        <!-- Animovan\u00fd border -->\n        <circle cx=\"40\" cy=\"40\" r=\"35\" class=\"border-animated\"><\/circle>\n    <\/svg>\n    <span class=\"arrow\">\u2192<\/span>\n<\/button>\t\t\t\t<\/div>\n\t\t\t\t<\/div>\n\t\t\t\t<\/div>\n\t\t\t\t<\/div>\n\t\t\t\t<\/a>\n\t\t<a class=\"elementor-element elementor-element-656f985 e-con-full e-flex e-con e-child\" data-id=\"656f985\" data-element_type=\"container\" data-settings=\"{&quot;background_background&quot;:&quot;classic&quot;}\" href=\"https:\/\/www.hotelondrasuvdvur.cz\/en\/fotogalerie-hotel-a-zahrada\/\">\n\t\t\t\t<div class=\"elementor-element elementor-element-14288ad elementor-widget elementor-widget-spacer\" data-id=\"14288ad\" data-element_type=\"widget\" data-widget_type=\"spacer.default\">\n\t\t\t\t<div class=\"elementor-widget-container\">\n\t\t\t\t\t\t\t<div class=\"elementor-spacer\">\n\t\t\t<div class=\"elementor-spacer-inner\"><\/div>\n\t\t<\/div>\n\t\t\t\t\t\t<\/div>\n\t\t\t\t<\/div>\n\t\t<div class=\"elementor-element elementor-element-73628b5 e-con-full e-flex e-con e-child\" data-id=\"73628b5\" data-element_type=\"container\">\n\t\t<div class=\"elementor-element elementor-element-522695a e-con-full e-flex e-con e-child\" data-id=\"522695a\" data-element_type=\"container\">\n\t\t\t\t<div class=\"elementor-element elementor-element-9828c5f elementor-widget elementor-widget-heading\" data-id=\"9828c5f\" data-element_type=\"widget\" data-widget_type=\"heading.default\">\n\t\t\t\t<div class=\"elementor-widget-container\">\n\t\t\t\t\t<h2 class=\"elementor-heading-title elementor-size-default\">Gallery<\/h2>\t\t\t\t<\/div>\n\t\t\t\t<\/div>\n\t\t\t\t<div class=\"elementor-element elementor-element-2af13ca elementor-widget elementor-widget-heading\" data-id=\"2af13ca\" data-element_type=\"widget\" data-widget_type=\"heading.default\">\n\t\t\t\t<div class=\"elementor-widget-container\">\n\t\t\t\t\t<h2 class=\"elementor-heading-title elementor-size-default\">Hotel &amp; garden<\/h2>\t\t\t\t<\/div>\n\t\t\t\t<\/div>\n\t\t\t\t<\/div>\n\t\t<div class=\"elementor-element elementor-element-be7cca8 e-con-full e-flex e-con e-child\" data-id=\"be7cca8\" data-element_type=\"container\">\n\t\t\t\t<div class=\"elementor-element elementor-element-ba719f9 elementor-widget__width-initial circle-button elementor-widget elementor-widget-html\" data-id=\"ba719f9\" data-element_type=\"widget\" data-widget_type=\"html.default\">\n\t\t\t\t<div class=\"elementor-widget-container\">\n\t\t\t\t\t<button class=\"circle-button\">\n    <svg width=\"80\" height=\"80\" viewbox=\"0 0 80 80\">\n        <!-- Pevn\u00fd \u0161ed\u00fd border -->\n        <circle cx=\"40\" cy=\"40\" r=\"35\" class=\"border-bg\"><\/circle>\n        <!-- Animovan\u00fd border -->\n        <circle cx=\"40\" cy=\"40\" r=\"35\" class=\"border-animated\"><\/circle>\n    <\/svg>\n    <span class=\"arrow\">\u2192<\/span>\n<\/button>\t\t\t\t<\/div>\n\t\t\t\t<\/div>\n\t\t\t\t<\/div>\n\t\t\t\t<\/div>\n\t\t\t\t<\/a>\n\t\t<a class=\"elementor-element elementor-element-cb39393 e-con-full e-flex e-con e-child\" data-id=\"cb39393\" data-element_type=\"container\" data-settings=\"{&quot;background_background&quot;:&quot;classic&quot;}\" href=\"https:\/\/www.hotelondrasuvdvur.cz\/en\/fotogalerie-wellness\/\">\n\t\t\t\t<div class=\"elementor-element elementor-element-c49fac1 elementor-widget elementor-widget-spacer\" data-id=\"c49fac1\" data-element_type=\"widget\" data-widget_type=\"spacer.default\">\n\t\t\t\t<div class=\"elementor-widget-container\">\n\t\t\t\t\t\t\t<div class=\"elementor-spacer\">\n\t\t\t<div class=\"elementor-spacer-inner\"><\/div>\n\t\t<\/div>\n\t\t\t\t\t\t<\/div>\n\t\t\t\t<\/div>\n\t\t<div class=\"elementor-element elementor-element-620160f e-con-full e-flex e-con e-child\" data-id=\"620160f\" data-element_type=\"container\">\n\t\t<div class=\"elementor-element elementor-element-3a2d6e6 e-con-full e-flex e-con e-child\" data-id=\"3a2d6e6\" data-element_type=\"container\">\n\t\t\t\t<div class=\"elementor-element elementor-element-56061a8 elementor-widget elementor-widget-heading\" data-id=\"56061a8\" data-element_type=\"widget\" data-widget_type=\"heading.default\">\n\t\t\t\t<div class=\"elementor-widget-container\">\n\t\t\t\t\t<h2 class=\"elementor-heading-title elementor-size-default\">Gallery<\/h2>\t\t\t\t<\/div>\n\t\t\t\t<\/div>\n\t\t\t\t<div class=\"elementor-element elementor-element-4035a2f elementor-widget elementor-widget-heading\" data-id=\"4035a2f\" data-element_type=\"widget\" data-widget_type=\"heading.default\">\n\t\t\t\t<div class=\"elementor-widget-container\">\n\t\t\t\t\t<h2 class=\"elementor-heading-title elementor-size-default\">Wellness Beskydy Therme<\/h2>\t\t\t\t<\/div>\n\t\t\t\t<\/div>\n\t\t\t\t<\/div>\n\t\t<div class=\"elementor-element elementor-element-597c51d e-con-full e-flex e-con e-child\" data-id=\"597c51d\" data-element_type=\"container\">\n\t\t\t\t<div class=\"elementor-element elementor-element-946ce02 elementor-widget__width-initial circle-button elementor-widget elementor-widget-html\" data-id=\"946ce02\" data-element_type=\"widget\" data-widget_type=\"html.default\">\n\t\t\t\t<div class=\"elementor-widget-container\">\n\t\t\t\t\t<button class=\"circle-button\">\n    <svg width=\"80\" height=\"80\" viewbox=\"0 0 80 80\">\n        <!-- Pevn\u00fd \u0161ed\u00fd border -->\n        <circle cx=\"40\" cy=\"40\" r=\"35\" class=\"border-bg\"><\/circle>\n        <!-- Animovan\u00fd border -->\n        <circle cx=\"40\" cy=\"40\" r=\"35\" class=\"border-animated\"><\/circle>\n    <\/svg>\n    <span class=\"arrow\">\u2192<\/span>\n<\/button>\t\t\t\t<\/div>\n\t\t\t\t<\/div>\n\t\t\t\t<\/div>\n\t\t\t\t<\/div>\n\t\t\t\t<\/a>\n\t\t<a class=\"elementor-element elementor-element-1ce4bed e-con-full e-flex e-con e-child\" data-id=\"1ce4bed\" data-element_type=\"container\" data-settings=\"{&quot;background_background&quot;:&quot;classic&quot;}\" href=\"https:\/\/www.hotelondrasuvdvur.cz\/en\/fotogalerie-restaurace\/\">\n\t\t\t\t<div class=\"elementor-element elementor-element-328968e elementor-widget elementor-widget-spacer\" data-id=\"328968e\" data-element_type=\"widget\" data-widget_type=\"spacer.default\">\n\t\t\t\t<div class=\"elementor-widget-container\">\n\t\t\t\t\t\t\t<div class=\"elementor-spacer\">\n\t\t\t<div class=\"elementor-spacer-inner\"><\/div>\n\t\t<\/div>\n\t\t\t\t\t\t<\/div>\n\t\t\t\t<\/div>\n\t\t<div class=\"elementor-element elementor-element-643aa78 e-con-full e-flex e-con e-child\" data-id=\"643aa78\" data-element_type=\"container\">\n\t\t<div class=\"elementor-element elementor-element-c1509ef e-con-full e-flex e-con e-child\" data-id=\"c1509ef\" data-element_type=\"container\">\n\t\t\t\t<div class=\"elementor-element elementor-element-9bcfa3e elementor-widget elementor-widget-heading\" data-id=\"9bcfa3e\" data-element_type=\"widget\" data-widget_type=\"heading.default\">\n\t\t\t\t<div class=\"elementor-widget-container\">\n\t\t\t\t\t<h2 class=\"elementor-heading-title elementor-size-default\">Gallery<\/h2>\t\t\t\t<\/div>\n\t\t\t\t<\/div>\n\t\t\t\t<div class=\"elementor-element elementor-element-f6f7eb5 elementor-widget elementor-widget-heading\" data-id=\"f6f7eb5\" data-element_type=\"widget\" data-widget_type=\"heading.default\">\n\t\t\t\t<div class=\"elementor-widget-container\">\n\t\t\t\t\t<h2 class=\"elementor-heading-title elementor-size-default\">Restaurants, bars, a wine cellar<\/h2>\t\t\t\t<\/div>\n\t\t\t\t<\/div>\n\t\t\t\t<\/div>\n\t\t<div class=\"elementor-element elementor-element-3db773f e-con-full e-flex e-con e-child\" data-id=\"3db773f\" data-element_type=\"container\">\n\t\t\t\t<div class=\"elementor-element elementor-element-7abfae3 elementor-widget__width-initial circle-button elementor-widget elementor-widget-html\" data-id=\"7abfae3\" data-element_type=\"widget\" data-widget_type=\"html.default\">\n\t\t\t\t<div class=\"elementor-widget-container\">\n\t\t\t\t\t<button class=\"circle-button\">\n    <svg width=\"80\" height=\"80\" viewbox=\"0 0 80 80\">\n        <!-- Pevn\u00fd \u0161ed\u00fd border -->\n        <circle cx=\"40\" cy=\"40\" r=\"35\" class=\"border-bg\"><\/circle>\n        <!-- Animovan\u00fd border -->\n        <circle cx=\"40\" cy=\"40\" r=\"35\" class=\"border-animated\"><\/circle>\n    <\/svg>\n    <span class=\"arrow\">\u2192<\/span>\n<\/button>\t\t\t\t<\/div>\n\t\t\t\t<\/div>\n\t\t\t\t<\/div>\n\t\t\t\t<\/div>\n\t\t\t\t<\/a>\n\t\t<a class=\"elementor-element elementor-element-7b72b71 e-con-full e-flex e-con e-child\" data-id=\"7b72b71\" data-element_type=\"container\" data-settings=\"{&quot;background_background&quot;:&quot;classic&quot;}\" href=\"https:\/\/www.hotelondrasuvdvur.cz\/en\/firmy\/\">\n\t\t\t\t<div class=\"elementor-element elementor-element-03ba9b7 elementor-widget elementor-widget-spacer\" data-id=\"03ba9b7\" data-element_type=\"widget\" data-widget_type=\"spacer.default\">\n\t\t\t\t<div class=\"elementor-widget-container\">\n\t\t\t\t\t\t\t<div class=\"elementor-spacer\">\n\t\t\t<div class=\"elementor-spacer-inner\"><\/div>\n\t\t<\/div>\n\t\t\t\t\t\t<\/div>\n\t\t\t\t<\/div>\n\t\t<div class=\"elementor-element elementor-element-1e24c50 e-con-full e-flex e-con e-child\" data-id=\"1e24c50\" data-element_type=\"container\">\n\t\t<div class=\"elementor-element elementor-element-de3b7c5 e-con-full e-flex e-con e-child\" data-id=\"de3b7c5\" data-element_type=\"container\">\n\t\t\t\t<div class=\"elementor-element elementor-element-c3d6c86 elementor-widget elementor-widget-heading\" data-id=\"c3d6c86\" data-element_type=\"widget\" data-widget_type=\"heading.default\">\n\t\t\t\t<div class=\"elementor-widget-container\">\n\t\t\t\t\t<h2 class=\"elementor-heading-title elementor-size-default\">Gallery<\/h2>\t\t\t\t<\/div>\n\t\t\t\t<\/div>\n\t\t\t\t<div class=\"elementor-element elementor-element-94461aa elementor-widget elementor-widget-heading\" data-id=\"94461aa\" data-element_type=\"widget\" data-widget_type=\"heading.default\">\n\t\t\t\t<div class=\"elementor-widget-container\">\n\t\t\t\t\t<h2 class=\"elementor-heading-title elementor-size-default\">For businesses &amp; events<\/h2>\t\t\t\t<\/div>\n\t\t\t\t<\/div>\n\t\t\t\t<\/div>\n\t\t<div class=\"elementor-element elementor-element-20cbe33 e-con-full e-flex e-con e-child\" data-id=\"20cbe33\" data-element_type=\"container\">\n\t\t\t\t<div class=\"elementor-element elementor-element-23348b0 elementor-widget__width-initial circle-button elementor-widget elementor-widget-html\" data-id=\"23348b0\" data-element_type=\"widget\" data-widget_type=\"html.default\">\n\t\t\t\t<div class=\"elementor-widget-container\">\n\t\t\t\t\t<button class=\"circle-button\">\n    <svg width=\"80\" height=\"80\" viewbox=\"0 0 80 80\">\n        <!-- Pevn\u00fd \u0161ed\u00fd border -->\n        <circle cx=\"40\" cy=\"40\" r=\"35\" class=\"border-bg\"><\/circle>\n        <!-- Animovan\u00fd border -->\n        <circle cx=\"40\" cy=\"40\" r=\"35\" class=\"border-animated\"><\/circle>\n    <\/svg>\n    <span class=\"arrow\">\u2192<\/span>\n<\/button>\t\t\t\t<\/div>\n\t\t\t\t<\/div>\n\t\t\t\t<\/div>\n\t\t\t\t<\/div>\n\t\t\t\t<\/a>\n\t\t\t\t<\/div>\n\t\t\t\t<\/div>","protected":false},"excerpt":{"rendered":"<p>Fotogalerie Ubytov\u00e1n\u00ed \u2192 Fotogalerie Hotel &amp; zahrada \u2192 Fotogalerie Wellness Beskydy Therme \u2192 Fotogalerie Restaurace, bary, vinn\u00fd skl\u00edpek \u2192 Fotogalerie Pro firmy &amp; akce \u2192<\/p>","protected":false},"author":1,"featured_media":0,"parent":0,"menu_order":0,"comment_status":"closed","ping_status":"closed","template":"elementor_header_footer","meta":{"footnotes":""},"class_list":["post-30","page","type-page","status-publish","hentry"],"yoast_head":"<!-- This site is optimized with the Yoast SEO plugin v26.8 - https:\/\/yoast.com\/product\/yoast-seo-wordpress\/ -->\n<title>Fotogalerie - Hotel Ondr\u00e1\u0161\u016fv dv\u016fr - Beskydy resort<\/title>\n<meta name=\"robots\" content=\"index, follow, max-snippet:-1, max-image-preview:large, max-video-preview:-1\" \/>\n<link rel=\"canonical\" href=\"https:\/\/www.hotelondrasuvdvur.cz\/en\/fotogalerie\/\" \/>\n<meta property=\"og:locale\" content=\"en_GB\" \/>\n<meta property=\"og:type\" content=\"article\" \/>\n<meta property=\"og:title\" content=\"Fotogalerie - Hotel Ondr\u00e1\u0161\u016fv dv\u016fr - Beskydy resort\" \/>\n<meta property=\"og:description\" content=\"Fotogalerie Ubytov\u00e1n\u00ed \u2192 Fotogalerie Hotel &amp; zahrada \u2192 Fotogalerie Wellness Beskydy Therme \u2192 Fotogalerie Restaurace, bary, vinn\u00fd skl\u00edpek \u2192 Fotogalerie Pro firmy &amp; akce \u2192\" \/>\n<meta property=\"og:url\" content=\"https:\/\/www.hotelondrasuvdvur.cz\/en\/fotogalerie\/\" \/>\n<meta property=\"og:site_name\" content=\"Hotel Ondr\u00e1\u0161\u016fv dv\u016fr - Beskydy resort\" \/>\n<meta property=\"article:publisher\" content=\"https:\/\/www.facebook.com\/ondrasuvdvur\" \/>\n<meta property=\"article:modified_time\" content=\"2025-09-23T10:32:14+00:00\" \/>\n<meta name=\"twitter:card\" content=\"summary_large_image\" \/>\n<script type=\"application\/ld+json\" class=\"yoast-schema-graph\">{\"@context\":\"https:\/\/schema.org\",\"@graph\":[{\"@type\":\"WebPage\",\"@id\":\"https:\/\/www.hotelondrasuvdvur.cz\/fotogalerie\/\",\"url\":\"https:\/\/www.hotelondrasuvdvur.cz\/fotogalerie\/\",\"name\":\"Fotogalerie - Hotel Ondr\u00e1\u0161\u016fv dv\u016fr - Beskydy resort\",\"isPartOf\":{\"@id\":\"https:\/\/www.hotelondrasuvdvur.cz\/#website\"},\"datePublished\":\"2025-04-16T08:14:29+00:00\",\"dateModified\":\"2025-09-23T10:32:14+00:00\",\"breadcrumb\":{\"@id\":\"https:\/\/www.hotelondrasuvdvur.cz\/fotogalerie\/#breadcrumb\"},\"inLanguage\":\"en-GB\",\"potentialAction\":[{\"@type\":\"ReadAction\",\"target\":[\"https:\/\/www.hotelondrasuvdvur.cz\/fotogalerie\/\"]}]},{\"@type\":\"BreadcrumbList\",\"@id\":\"https:\/\/www.hotelondrasuvdvur.cz\/fotogalerie\/#breadcrumb\",\"itemListElement\":[{\"@type\":\"ListItem\",\"position\":1,\"name\":\"Dom\u016f\",\"item\":\"https:\/\/www.hotelondrasuvdvur.cz\/\"},{\"@type\":\"ListItem\",\"position\":2,\"name\":\"Fotogalerie\"}]},{\"@type\":\"WebSite\",\"@id\":\"https:\/\/www.hotelondrasuvdvur.cz\/#website\",\"url\":\"https:\/\/www.hotelondrasuvdvur.cz\/\",\"name\":\"Hotel Ondr\u00e1\u0161\u016fv dv\u016fr - Beskydy resort\",\"description\":\"Wellness resort pro dosp\u011bl\u00e9\",\"publisher\":{\"@id\":\"https:\/\/www.hotelondrasuvdvur.cz\/#organization\"},\"potentialAction\":[{\"@type\":\"SearchAction\",\"target\":{\"@type\":\"EntryPoint\",\"urlTemplate\":\"https:\/\/www.hotelondrasuvdvur.cz\/?s={search_term_string}\"},\"query-input\":{\"@type\":\"PropertyValueSpecification\",\"valueRequired\":true,\"valueName\":\"search_term_string\"}}],\"inLanguage\":\"en-GB\"},{\"@type\":\"Organization\",\"@id\":\"https:\/\/www.hotelondrasuvdvur.cz\/#organization\",\"name\":\"Hotel Ondr\u00e1\u0161\u016fv dv\u016fr - Beskydy resort\",\"url\":\"https:\/\/www.hotelondrasuvdvur.cz\/\",\"logo\":{\"@type\":\"ImageObject\",\"inLanguage\":\"en-GB\",\"@id\":\"https:\/\/www.hotelondrasuvdvur.cz\/#\/schema\/logo\/image\/\",\"url\":\"https:\/\/www.hotelondrasuvdvur.cz\/wp-content\/uploads\/2025\/07\/cropped-Favicon.png\",\"contentUrl\":\"https:\/\/www.hotelondrasuvdvur.cz\/wp-content\/uploads\/2025\/07\/cropped-Favicon.png\",\"width\":512,\"height\":512,\"caption\":\"Hotel Ondr\u00e1\u0161\u016fv dv\u016fr - Beskydy resort\"},\"image\":{\"@id\":\"https:\/\/www.hotelondrasuvdvur.cz\/#\/schema\/logo\/image\/\"},\"sameAs\":[\"https:\/\/www.facebook.com\/ondrasuvdvur\"]}]}<\/script>\n<!-- \/ Yoast SEO plugin. -->","yoast_head_json":{"title":"Fotogalerie - Hotel Ondr\u00e1\u0161\u016fv dv\u016fr - Beskydy resort","robots":{"index":"index","follow":"follow","max-snippet":"max-snippet:-1","max-image-preview":"max-image-preview:large","max-video-preview":"max-video-preview:-1"},"canonical":"https:\/\/www.hotelondrasuvdvur.cz\/en\/fotogalerie\/","og_locale":"en_GB","og_type":"article","og_title":"Fotogalerie - Hotel Ondr\u00e1\u0161\u016fv dv\u016fr - Beskydy resort","og_description":"Fotogalerie Ubytov\u00e1n\u00ed \u2192 Fotogalerie Hotel &amp; zahrada \u2192 Fotogalerie Wellness Beskydy Therme \u2192 Fotogalerie Restaurace, bary, vinn\u00fd skl\u00edpek \u2192 Fotogalerie Pro firmy &amp; akce \u2192","og_url":"https:\/\/www.hotelondrasuvdvur.cz\/en\/fotogalerie\/","og_site_name":"Hotel Ondr\u00e1\u0161\u016fv dv\u016fr - Beskydy resort","article_publisher":"https:\/\/www.facebook.com\/ondrasuvdvur","article_modified_time":"2025-09-23T10:32:14+00:00","twitter_card":"summary_large_image","schema":{"@context":"https:\/\/schema.org","@graph":[{"@type":"WebPage","@id":"https:\/\/www.hotelondrasuvdvur.cz\/fotogalerie\/","url":"https:\/\/www.hotelondrasuvdvur.cz\/fotogalerie\/","name":"Fotogalerie - Hotel Ondr\u00e1\u0161\u016fv dv\u016fr - Beskydy resort","isPartOf":{"@id":"https:\/\/www.hotelondrasuvdvur.cz\/#website"},"datePublished":"2025-04-16T08:14:29+00:00","dateModified":"2025-09-23T10:32:14+00:00","breadcrumb":{"@id":"https:\/\/www.hotelondrasuvdvur.cz\/fotogalerie\/#breadcrumb"},"inLanguage":"en-GB","potentialAction":[{"@type":"ReadAction","target":["https:\/\/www.hotelondrasuvdvur.cz\/fotogalerie\/"]}]},{"@type":"BreadcrumbList","@id":"https:\/\/www.hotelondrasuvdvur.cz\/fotogalerie\/#breadcrumb","itemListElement":[{"@type":"ListItem","position":1,"name":"Dom\u016f","item":"https:\/\/www.hotelondrasuvdvur.cz\/"},{"@type":"ListItem","position":2,"name":"Fotogalerie"}]},{"@type":"WebSite","@id":"https:\/\/www.hotelondrasuvdvur.cz\/#website","url":"https:\/\/www.hotelondrasuvdvur.cz\/","name":"Hotel Ondr\u00e1\u0161\u016fv dv\u016fr - Beskydy resort","description":"Wellness resort pro dosp\u011bl\u00e9","publisher":{"@id":"https:\/\/www.hotelondrasuvdvur.cz\/#organization"},"potentialAction":[{"@type":"SearchAction","target":{"@type":"EntryPoint","urlTemplate":"https:\/\/www.hotelondrasuvdvur.cz\/?s={search_term_string}"},"query-input":{"@type":"PropertyValueSpecification","valueRequired":true,"valueName":"search_term_string"}}],"inLanguage":"en-GB"},{"@type":"Organization","@id":"https:\/\/www.hotelondrasuvdvur.cz\/#organization","name":"Hotel Ondr\u00e1\u0161\u016fv dv\u016fr - Beskydy resort","url":"https:\/\/www.hotelondrasuvdvur.cz\/","logo":{"@type":"ImageObject","inLanguage":"en-GB","@id":"https:\/\/www.hotelondrasuvdvur.cz\/#\/schema\/logo\/image\/","url":"https:\/\/www.hotelondrasuvdvur.cz\/wp-content\/uploads\/2025\/07\/cropped-Favicon.png","contentUrl":"https:\/\/www.hotelondrasuvdvur.cz\/wp-content\/uploads\/2025\/07\/cropped-Favicon.png","width":512,"height":512,"caption":"Hotel Ondr\u00e1\u0161\u016fv dv\u016fr - Beskydy resort"},"image":{"@id":"https:\/\/www.hotelondrasuvdvur.cz\/#\/schema\/logo\/image\/"},"sameAs":["https:\/\/www.facebook.com\/ondrasuvdvur"]}]}},"_links":{"self":[{"href":"https:\/\/www.hotelondrasuvdvur.cz\/en\/wp-json\/wp\/v2\/pages\/30","targetHints":{"allow":["GET"]}}],"collection":[{"href":"https:\/\/www.hotelondrasuvdvur.cz\/en\/wp-json\/wp\/v2\/pages"}],"about":[{"href":"https:\/\/www.hotelondrasuvdvur.cz\/en\/wp-json\/wp\/v2\/types\/page"}],"author":[{"embeddable":true,"href":"https:\/\/www.hotelondrasuvdvur.cz\/en\/wp-json\/wp\/v2\/users\/1"}],"replies":[{"embeddable":true,"href":"https:\/\/www.hotelondrasuvdvur.cz\/en\/wp-json\/wp\/v2\/comments?post=30"}],"version-history":[{"count":0,"href":"https:\/\/www.hotelondrasuvdvur.cz\/en\/wp-json\/wp\/v2\/pages\/30\/revisions"}],"wp:attachment":[{"href":"https:\/\/www.hotelondrasuvdvur.cz\/en\/wp-json\/wp\/v2\/media?parent=30"}],"curies":[{"name":"wp","href":"https:\/\/api.w.org\/{rel}","templated":true}]}}