{"id":31,"date":"2025-04-16T08:14:29","date_gmt":"2025-04-16T08:14:29","guid":{"rendered":"https:\/\/example.com\/?page_id=18"},"modified":"2026-04-02T15:30:14","modified_gmt":"2026-04-02T13:30:14","slug":"kontakt","status":"publish","type":"page","link":"https:\/\/www.hotelondrasuvdvur.cz\/en\/kontakt\/","title":{"rendered":"Contact"},"content":{"rendered":"<div data-elementor-type=\"wp-page\" data-elementor-id=\"31\" class=\"elementor elementor-31\" data-elementor-post-type=\"page\">\n\t\t\t\t<div class=\"elementor-element elementor-element-1c54fd5 e-flex e-con-boxed e-con e-parent\" data-id=\"1c54fd5\" data-element_type=\"container\" data-settings=\"{&quot;background_background&quot;:&quot;classic&quot;}\">\n\t\t\t\t\t<div class=\"e-con-inner\">\n\t\t<div class=\"elementor-element elementor-element-a9bf5e6 e-con-full e-flex e-con e-child\" data-id=\"a9bf5e6\" data-element_type=\"container\">\n\t\t<div class=\"elementor-element elementor-element-ded8ee9 e-con-full e-flex e-con e-child\" data-id=\"ded8ee9\" data-element_type=\"container\">\n\t\t<div class=\"elementor-element elementor-element-0e1ec1e e-con-full e-flex e-con e-child\" data-id=\"0e1ec1e\" data-element_type=\"container\">\n\t\t\t\t<div class=\"elementor-element elementor-element-c0267d8 elementor-widget elementor-widget-rating\" data-id=\"c0267d8\" data-element_type=\"widget\" data-widget_type=\"rating.default\">\n\t\t\t\t<div class=\"elementor-widget-container\">\n\t\t\t\t\t\t\t<div class=\"e-rating\" itemtype=\"https:\/\/schema.org\/Rating\" itemscope=\"\" itemprop=\"reviewRating\">\n\t\t\t<meta itemprop=\"worstRating\" content=\"0\">\n\t\t\t<meta itemprop=\"bestRating\" content=\"4\">\n\t\t\t<div class=\"e-rating-wrapper\" itemprop=\"ratingValue\" content=\"4\" role=\"img\" aria-label=\"Rated 4 out of 4\">\n\t\t\t\t\t\t\t<div class=\"e-icon\">\n\t\t\t\t<div class=\"e-icon-wrapper e-icon-marked\">\n\t\t\t\t\t<svg aria-hidden=\"true\" class=\"e-font-icon-svg e-fas-star\" viewbox=\"0 0 576 512\" xmlns=\"http:\/\/www.w3.org\/2000\/svg\"><path d=\"M259.3 17.8L194 150.2 47.9 171.5c-26.2 3.8-36.7 36.1-17.7 54.6l105.7 103-25 145.5c-4.5 26.3 23.2 46 46.4 33.7L288 439.6l130.7 68.7c23.2 12.2 50.9-7.4 46.4-33.7l-25-145.5 105.7-103c19-18.5 8.5-50.8-17.7-54.6L382 150.2 316.7 17.8c-11.7-23.6-45.6-23.9-57.4 0z\"><\/path><\/svg>\t\t\t\t<\/div>\n\t\t\t\t<div class=\"e-icon-wrapper e-icon-unmarked\">\n\t\t\t\t\t<svg aria-hidden=\"true\" class=\"e-font-icon-svg e-fas-star\" viewbox=\"0 0 576 512\" xmlns=\"http:\/\/www.w3.org\/2000\/svg\"><path d=\"M259.3 17.8L194 150.2 47.9 171.5c-26.2 3.8-36.7 36.1-17.7 54.6l105.7 103-25 145.5c-4.5 26.3 23.2 46 46.4 33.7L288 439.6l130.7 68.7c23.2 12.2 50.9-7.4 46.4-33.7l-25-145.5 105.7-103c19-18.5 8.5-50.8-17.7-54.6L382 150.2 316.7 17.8c-11.7-23.6-45.6-23.9-57.4 0z\"><\/path><\/svg>\t\t\t\t<\/div>\n\t\t\t<\/div>\n\t\t\t\t\t\t<div class=\"e-icon\">\n\t\t\t\t<div class=\"e-icon-wrapper e-icon-marked\">\n\t\t\t\t\t<svg aria-hidden=\"true\" class=\"e-font-icon-svg e-fas-star\" viewbox=\"0 0 576 512\" xmlns=\"http:\/\/www.w3.org\/2000\/svg\"><path d=\"M259.3 17.8L194 150.2 47.9 171.5c-26.2 3.8-36.7 36.1-17.7 54.6l105.7 103-25 145.5c-4.5 26.3 23.2 46 46.4 33.7L288 439.6l130.7 68.7c23.2 12.2 50.9-7.4 46.4-33.7l-25-145.5 105.7-103c19-18.5 8.5-50.8-17.7-54.6L382 150.2 316.7 17.8c-11.7-23.6-45.6-23.9-57.4 0z\"><\/path><\/svg>\t\t\t\t<\/div>\n\t\t\t\t<div class=\"e-icon-wrapper e-icon-unmarked\">\n\t\t\t\t\t<svg aria-hidden=\"true\" class=\"e-font-icon-svg e-fas-star\" viewbox=\"0 0 576 512\" xmlns=\"http:\/\/www.w3.org\/2000\/svg\"><path d=\"M259.3 17.8L194 150.2 47.9 171.5c-26.2 3.8-36.7 36.1-17.7 54.6l105.7 103-25 145.5c-4.5 26.3 23.2 46 46.4 33.7L288 439.6l130.7 68.7c23.2 12.2 50.9-7.4 46.4-33.7l-25-145.5 105.7-103c19-18.5 8.5-50.8-17.7-54.6L382 150.2 316.7 17.8c-11.7-23.6-45.6-23.9-57.4 0z\"><\/path><\/svg>\t\t\t\t<\/div>\n\t\t\t<\/div>\n\t\t\t\t\t\t<div class=\"e-icon\">\n\t\t\t\t<div class=\"e-icon-wrapper e-icon-marked\">\n\t\t\t\t\t<svg aria-hidden=\"true\" class=\"e-font-icon-svg e-fas-star\" viewbox=\"0 0 576 512\" xmlns=\"http:\/\/www.w3.org\/2000\/svg\"><path d=\"M259.3 17.8L194 150.2 47.9 171.5c-26.2 3.8-36.7 36.1-17.7 54.6l105.7 103-25 145.5c-4.5 26.3 23.2 46 46.4 33.7L288 439.6l130.7 68.7c23.2 12.2 50.9-7.4 46.4-33.7l-25-145.5 105.7-103c19-18.5 8.5-50.8-17.7-54.6L382 150.2 316.7 17.8c-11.7-23.6-45.6-23.9-57.4 0z\"><\/path><\/svg>\t\t\t\t<\/div>\n\t\t\t\t<div class=\"e-icon-wrapper e-icon-unmarked\">\n\t\t\t\t\t<svg aria-hidden=\"true\" class=\"e-font-icon-svg e-fas-star\" viewbox=\"0 0 576 512\" xmlns=\"http:\/\/www.w3.org\/2000\/svg\"><path d=\"M259.3 17.8L194 150.2 47.9 171.5c-26.2 3.8-36.7 36.1-17.7 54.6l105.7 103-25 145.5c-4.5 26.3 23.2 46 46.4 33.7L288 439.6l130.7 68.7c23.2 12.2 50.9-7.4 46.4-33.7l-25-145.5 105.7-103c19-18.5 8.5-50.8-17.7-54.6L382 150.2 316.7 17.8c-11.7-23.6-45.6-23.9-57.4 0z\"><\/path><\/svg>\t\t\t\t<\/div>\n\t\t\t<\/div>\n\t\t\t\t\t\t<div class=\"e-icon\">\n\t\t\t\t<div class=\"e-icon-wrapper e-icon-marked\">\n\t\t\t\t\t<svg aria-hidden=\"true\" class=\"e-font-icon-svg e-fas-star\" viewbox=\"0 0 576 512\" xmlns=\"http:\/\/www.w3.org\/2000\/svg\"><path d=\"M259.3 17.8L194 150.2 47.9 171.5c-26.2 3.8-36.7 36.1-17.7 54.6l105.7 103-25 145.5c-4.5 26.3 23.2 46 46.4 33.7L288 439.6l130.7 68.7c23.2 12.2 50.9-7.4 46.4-33.7l-25-145.5 105.7-103c19-18.5 8.5-50.8-17.7-54.6L382 150.2 316.7 17.8c-11.7-23.6-45.6-23.9-57.4 0z\"><\/path><\/svg>\t\t\t\t<\/div>\n\t\t\t\t<div class=\"e-icon-wrapper e-icon-unmarked\">\n\t\t\t\t\t<svg aria-hidden=\"true\" class=\"e-font-icon-svg e-fas-star\" viewbox=\"0 0 576 512\" xmlns=\"http:\/\/www.w3.org\/2000\/svg\"><path d=\"M259.3 17.8L194 150.2 47.9 171.5c-26.2 3.8-36.7 36.1-17.7 54.6l105.7 103-25 145.5c-4.5 26.3 23.2 46 46.4 33.7L288 439.6l130.7 68.7c23.2 12.2 50.9-7.4 46.4-33.7l-25-145.5 105.7-103c19-18.5 8.5-50.8-17.7-54.6L382 150.2 316.7 17.8c-11.7-23.6-45.6-23.9-57.4 0z\"><\/path><\/svg>\t\t\t\t<\/div>\n\t\t\t<\/div>\n\t\t\t\t\t\t<\/div>\n\t\t<\/div>\n\t\t\t\t\t\t<\/div>\n\t\t\t\t<\/div>\n\t\t\t\t<div class=\"elementor-element elementor-element-ba148ac elementor-widget elementor-widget-heading\" data-id=\"ba148ac\" data-element_type=\"widget\" data-widget_type=\"heading.default\">\n\t\t\t\t<div class=\"elementor-widget-container\">\n\t\t\t\t\t<h2 class=\"elementor-heading-title elementor-size-default\">Contact<\/h2>\t\t\t\t<\/div>\n\t\t\t\t<\/div>\n\t\t\t\t<\/div>\n\t\t<div class=\"elementor-element elementor-element-5f5f05d e-con-full e-flex e-con e-child\" data-id=\"5f5f05d\" data-element_type=\"container\">\n\t\t\t\t<div class=\"elementor-element elementor-element-8811766 elementor-widget elementor-widget-heading\" data-id=\"8811766\" data-element_type=\"widget\" data-widget_type=\"heading.default\">\n\t\t\t\t<div class=\"elementor-widget-container\">\n\t\t\t\t\t<h2 class=\"elementor-heading-title elementor-size-default\">Reception \/ booking department<\/h2>\t\t\t\t<\/div>\n\t\t\t\t<\/div>\n\t\t\t\t<div class=\"elementor-element elementor-element-e7e50a5 elementor-widget elementor-widget-heading\" data-id=\"e7e50a5\" data-element_type=\"widget\" data-widget_type=\"heading.default\">\n\t\t\t\t<div class=\"elementor-widget-container\">\n\t\t\t\t\t<h2 class=\"elementor-heading-title elementor-size-default\">+420 731 682 395<\/h2>\t\t\t\t<\/div>\n\t\t\t\t<\/div>\n\t\t\t\t<div class=\"elementor-element elementor-element-ae7d09d elementor-mobile-align-center elementor-icon-list--layout-traditional elementor-list-item-link-full_width elementor-widget elementor-widget-icon-list\" data-id=\"ae7d09d\" data-element_type=\"widget\" data-widget_type=\"icon-list.default\">\n\t\t\t\t<div class=\"elementor-widget-container\">\n\t\t\t\t\t\t\t<ul class=\"elementor-icon-list-items\">\n\t\t\t\t\t\t\t<li class=\"elementor-icon-list-item\">\n\t\t\t\t\t\t\t\t\t\t\t<span class=\"elementor-icon-list-icon\">\n\t\t\t\t\t\t\t<svg aria-hidden=\"true\" class=\"e-font-icon-svg e-fas-circle\" viewbox=\"0 0 512 512\" xmlns=\"http:\/\/www.w3.org\/2000\/svg\"><path d=\"M256 8C119 8 8 119 8 256s111 248 248 248 248-111 248-248S393 8 256 8z\"><\/path><\/svg>\t\t\t\t\t\t<\/span>\n\t\t\t\t\t\t\t\t\t\t<span class=\"elementor-icon-list-text\"><b>Available:<\/b> 8:00 \u2013 21:00<\/span>\n\t\t\t\t\t\t\t\t\t<\/li>\n\t\t\t\t\t\t<\/ul>\n\t\t\t\t\t\t<\/div>\n\t\t\t\t<\/div>\n\t\t\t\t<div class=\"elementor-element elementor-element-827bb64 elementor-mobile-align-center elementor-widget elementor-widget-button\" data-id=\"827bb64\" data-element_type=\"widget\" data-widget_type=\"button.default\">\n\t\t\t\t<div class=\"elementor-widget-container\">\n\t\t\t\t\t\t\t\t\t<div class=\"elementor-button-wrapper\">\n\t\t\t\t\t<a class=\"elementor-button elementor-button-link elementor-size-sm\" href=\"#\">\n\t\t\t\t\t\t<span class=\"elementor-button-content-wrapper\">\n\t\t\t\t\t\t<span class=\"elementor-button-icon\">\n\t\t\t\t<svg xmlns=\"http:\/\/www.w3.org\/2000\/svg\" viewbox=\"0 0 24 24\" width=\"512\" height=\"512\"><g id=\"_01_align_center\" data-name=\"01 align center\"><path d=\"M1.444,6.669a2,2,0,0,0-.865,3.337l3.412,3.408V20h6.593l3.435,3.43a1.987,1.987,0,0,0,1.408.588,2.034,2.034,0,0,0,.51-.066,1.978,1.978,0,0,0,1.42-1.379L23.991.021ZM2,8.592l17.028-5.02L5.993,16.586v-4Zm13.44,13.424L11.413,18h-4L20.446,4.978Z\"><\/path><\/g><\/svg>\t\t\t<\/span>\n\t\t\t\t\t\t\t\t\t<span class=\"elementor-button-text\">info@ondrasuv-dvur.cz<\/span>\n\t\t\t\t\t<\/span>\n\t\t\t\t\t<\/a>\n\t\t\t\t<\/div>\n\t\t\t\t\t\t\t\t<\/div>\n\t\t\t\t<\/div>\n\t\t\t\t<\/div>\n\t\t<div class=\"elementor-element elementor-element-2690ba0 e-con-full e-flex e-con e-child\" data-id=\"2690ba0\" data-element_type=\"container\">\n\t\t\t\t<div class=\"elementor-element elementor-element-0dfe687 elementor-widget elementor-widget-heading\" data-id=\"0dfe687\" data-element_type=\"widget\" data-widget_type=\"heading.default\">\n\t\t\t\t<div class=\"elementor-widget-container\">\n\t\t\t\t\t<h2 class=\"elementor-heading-title elementor-size-default\">Reservation procedures \/ wellnesS<\/h2>\t\t\t\t<\/div>\n\t\t\t\t<\/div>\n\t\t\t\t<div class=\"elementor-element elementor-element-e2bc671 elementor-widget elementor-widget-heading\" data-id=\"e2bc671\" data-element_type=\"widget\" data-widget_type=\"heading.default\">\n\t\t\t\t<div class=\"elementor-widget-container\">\n\t\t\t\t\t<h2 class=\"elementor-heading-title elementor-size-default\">+420 731 682 395 <span style=\"font-size: 16px\">(OPTION 2)<\/span><\/h2>\t\t\t\t<\/div>\n\t\t\t\t<\/div>\n\t\t\t\t<div class=\"elementor-element elementor-element-0025ce4 elementor-mobile-align-center elementor-icon-list--layout-traditional elementor-list-item-link-full_width elementor-widget elementor-widget-icon-list\" data-id=\"0025ce4\" data-element_type=\"widget\" data-widget_type=\"icon-list.default\">\n\t\t\t\t<div class=\"elementor-widget-container\">\n\t\t\t\t\t\t\t<ul class=\"elementor-icon-list-items\">\n\t\t\t\t\t\t\t<li class=\"elementor-icon-list-item\">\n\t\t\t\t\t\t\t\t\t\t\t<span class=\"elementor-icon-list-icon\">\n\t\t\t\t\t\t\t<svg aria-hidden=\"true\" class=\"e-font-icon-svg e-fas-circle\" viewbox=\"0 0 512 512\" xmlns=\"http:\/\/www.w3.org\/2000\/svg\"><path d=\"M256 8C119 8 8 119 8 256s111 248 248 248 248-111 248-248S393 8 256 8z\"><\/path><\/svg>\t\t\t\t\t\t<\/span>\n\t\t\t\t\t\t\t\t\t\t<span class=\"elementor-icon-list-text\"><b>Available:<\/b> 10:00 \u2013 21:00<\/span>\n\t\t\t\t\t\t\t\t\t<\/li>\n\t\t\t\t\t\t<\/ul>\n\t\t\t\t\t\t<\/div>\n\t\t\t\t<\/div>\n\t\t\t\t<div class=\"elementor-element elementor-element-9be21da elementor-mobile-align-center elementor-widget elementor-widget-button\" data-id=\"9be21da\" data-element_type=\"widget\" data-widget_type=\"button.default\">\n\t\t\t\t<div class=\"elementor-widget-container\">\n\t\t\t\t\t\t\t\t\t<div class=\"elementor-button-wrapper\">\n\t\t\t\t\t<a class=\"elementor-button elementor-button-link elementor-size-sm\" href=\"#\">\n\t\t\t\t\t\t<span class=\"elementor-button-content-wrapper\">\n\t\t\t\t\t\t<span class=\"elementor-button-icon\">\n\t\t\t\t<svg xmlns=\"http:\/\/www.w3.org\/2000\/svg\" viewbox=\"0 0 24 24\" width=\"512\" height=\"512\"><g id=\"_01_align_center\" data-name=\"01 align center\"><path d=\"M1.444,6.669a2,2,0,0,0-.865,3.337l3.412,3.408V20h6.593l3.435,3.43a1.987,1.987,0,0,0,1.408.588,2.034,2.034,0,0,0,.51-.066,1.978,1.978,0,0,0,1.42-1.379L23.991.021ZM2,8.592l17.028-5.02L5.993,16.586v-4Zm13.44,13.424L11.413,18h-4L20.446,4.978Z\"><\/path><\/g><\/svg>\t\t\t<\/span>\n\t\t\t\t\t\t\t\t\t<span class=\"elementor-button-text\">wellness@ondrasuv-dvur.cz<\/span>\n\t\t\t\t\t<\/span>\n\t\t\t\t\t<\/a>\n\t\t\t\t<\/div>\n\t\t\t\t\t\t\t\t<\/div>\n\t\t\t\t<\/div>\n\t\t\t\t<\/div>\n\t\t\t\t<\/div>\n\t\t\t\t<\/div>\n\t\t\t\t\t<\/div>\n\t\t\t\t<\/div>\n\t\t<div class=\"elementor-element elementor-element-84df8a2 e-con-full e-flex e-con e-parent\" data-id=\"84df8a2\" data-element_type=\"container\">\n\t\t<div class=\"elementor-element elementor-element-d9f135a e-con-full e-flex e-con e-child\" data-id=\"d9f135a\" data-element_type=\"container\">\n\t\t<div class=\"elementor-element elementor-element-b1cfeea e-con-full e-flex e-con e-child\" data-id=\"b1cfeea\" data-element_type=\"container\">\n\t\t\t\t<div class=\"elementor-element elementor-element-288b6a5 elementor-widget elementor-widget-heading\" data-id=\"288b6a5\" data-element_type=\"widget\" data-widget_type=\"heading.default\">\n\t\t\t\t<div class=\"elementor-widget-container\">\n\t\t\t\t\t<h2 class=\"elementor-heading-title elementor-size-default\">Where can you find us?<\/h2>\t\t\t\t<\/div>\n\t\t\t\t<\/div>\n\t\t\t\t<div class=\"elementor-element elementor-element-001c56c elementor-widget elementor-widget-text-editor\" data-id=\"001c56c\" data-element_type=\"widget\" data-widget_type=\"text-editor.default\">\n\t\t\t\t<div class=\"elementor-widget-container\">\n\t\t\t\t\t\t\t\t\t<p>Hotel Ondr\u00e1\u0161\u016fv dv\u016fr ****<br \/>Mezivod\u00ed 98,<br \/>739 15, B\u00edl\u00e1 (okr. Fr\u00fddek-M\u00edstek)<\/p><p>I\u010cO:26873401<\/p>\t\t\t\t\t\t\t\t<\/div>\n\t\t\t\t<\/div>\n\t\t\t\t<div class=\"elementor-element elementor-element-3470783 elementor-widget elementor-widget-heading\" data-id=\"3470783\" data-element_type=\"widget\" data-widget_type=\"heading.default\">\n\t\t\t\t<div class=\"elementor-widget-container\">\n\t\t\t\t\t<h2 class=\"elementor-heading-title elementor-size-default\">Primary <\/h2>\t\t\t\t<\/div>\n\t\t\t\t<\/div>\n\t\t\t\t<div class=\"elementor-element elementor-element-2d2f926 elementor-widget__width-initial elementor-widget elementor-widget-text-editor\" data-id=\"2d2f926\" data-element_type=\"widget\" data-widget_type=\"text-editor.default\">\n\t\t\t\t<div class=\"elementor-widget-container\">\n\t\t\t\t\t\t\t\t\t<p><a class=\"sc-bCvmcN jdJEVh elementor-clickable\" href=\"mailto:info@ondrasuv-dvur.cz\" target=\"_blank\" rel=\"noopener noreferrer\">info@ondrasuv-dvur.cz<\/a><\/p>\t\t\t\t\t\t\t\t<\/div>\n\t\t\t\t<\/div>\n\t\t\t\t<div class=\"elementor-element elementor-element-3de4a4b elementor-widget elementor-widget-heading\" data-id=\"3de4a4b\" data-element_type=\"widget\" data-widget_type=\"heading.default\">\n\t\t\t\t<div class=\"elementor-widget-container\">\n\t\t\t\t\t<h2 class=\"elementor-heading-title elementor-size-default\">wellness<\/h2>\t\t\t\t<\/div>\n\t\t\t\t<\/div>\n\t\t\t\t<div class=\"elementor-element elementor-element-6b3302c elementor-widget__width-initial elementor-widget elementor-widget-text-editor\" data-id=\"6b3302c\" data-element_type=\"widget\" data-widget_type=\"text-editor.default\">\n\t\t\t\t<div class=\"elementor-widget-container\">\n\t\t\t\t\t\t\t\t\t<p><a href=\"mailto:wellness@ondrasuv-dvur.cz\">wellness@ondrasuv-dvur.cz<\/a><\/p>\t\t\t\t\t\t\t\t<\/div>\n\t\t\t\t<\/div>\n\t\t\t\t<div class=\"elementor-element elementor-element-a0ef9fc elementor-widget elementor-widget-heading\" data-id=\"a0ef9fc\" data-element_type=\"widget\" data-widget_type=\"heading.default\">\n\t\t\t\t<div class=\"elementor-widget-container\">\n\t\t\t\t\t<h2 class=\"elementor-heading-title elementor-size-default\">Provision of corporate and other events<\/h2>\t\t\t\t<\/div>\n\t\t\t\t<\/div>\n\t\t\t\t<div class=\"elementor-element elementor-element-f8cac30 elementor-widget__width-initial elementor-widget elementor-widget-text-editor\" data-id=\"f8cac30\" data-element_type=\"widget\" data-widget_type=\"text-editor.default\">\n\t\t\t\t<div class=\"elementor-widget-container\">\n\t\t\t\t\t\t\t\t\t<p>cicova@ondrasuv-dvur.cz<br \/><br \/><\/p>\t\t\t\t\t\t\t\t<\/div>\n\t\t\t\t<\/div>\n\t\t\t\t<\/div>\n\t\t\t\t<\/div>\n\t\t<div class=\"elementor-element elementor-element-7a5b7d3 e-con-full e-flex e-con e-child\" data-id=\"7a5b7d3\" data-element_type=\"container\">\n\t\t\t\t<div class=\"elementor-element elementor-element-48601a8 elementor-widget elementor-widget-google_maps\" data-id=\"48601a8\" data-element_type=\"widget\" data-widget_type=\"google_maps.default\">\n\t\t\t\t<div class=\"elementor-widget-container\">\n\t\t\t\t\t\t\t<div class=\"elementor-custom-embed\">\n\t\t\t<iframe loading=\"lazy\"\n\t\t\t\t\tsrc=\"https:\/\/maps.google.com\/maps?q=Wellness%20hotel%20Ondr%C3%A1%C5%A1%C5%AFv%20dv%C5%AFr&#038;t=m&#038;z=13&#038;output=embed&#038;iwloc=near\"\n\t\t\t\t\ttitle=\"Wellness hotel Ondr\u00e1\u0161\u016fv dv\u016fr\"\n\t\t\t\t\taria-label=\"Wellness hotel Ondr\u00e1\u0161\u016fv dv\u016fr\"\n\t\t\t><\/iframe>\n\t\t<\/div>\n\t\t\t\t\t\t<\/div>\n\t\t\t\t<\/div>\n\t\t\t\t<\/div>\n\t\t\t\t<\/div>\n\t\t\t\t<\/div>","protected":false},"excerpt":{"rendered":"<p>Kontakt Recepce \/ rezerva\u010dn\u00ed odd\u011blen\u00ed +420 731 682 395 K dispozici: 8:00 \u2013 21:00 info@ondrasuv-dvur.cz Rezervace procedur \/ wellnesS +420 731 682 395 (VOLBA 2) K dispozici: 10:00 \u2013 21:00 wellness@ondrasuv-dvur.cz Kde n\u00e1s najdete? Hotel Ondr\u00e1\u0161\u016fv dv\u016fr ****Mezivod\u00ed 98,739 15, B\u00edl\u00e1 (okr. Fr\u00fddek-M\u00edstek) I\u010cO:26873401 Prim\u00e1rn\u00ed info@ondrasuv-dvur.cz wellness wellness@ondrasuv-dvur.cz Zaji\u0161\u0165ov\u00e1n\u00ed firemn\u00edch a jin\u00fdch akc\u00ed cicova@ondrasuv-dvur.cz<\/p>","protected":false},"author":1,"featured_media":0,"parent":0,"menu_order":0,"comment_status":"closed","ping_status":"closed","template":"elementor_header_footer","meta":{"footnotes":""},"class_list":["post-31","page","type-page","status-publish","hentry"],"yoast_head":"<!-- This site is optimized with the Yoast SEO plugin v26.8 - https:\/\/yoast.com\/product\/yoast-seo-wordpress\/ -->\n<title>Kontakt - Hotel Ondr\u00e1\u0161\u016fv dv\u016fr - Beskydy resort<\/title>\n<meta name=\"robots\" content=\"index, follow, max-snippet:-1, max-image-preview:large, max-video-preview:-1\" \/>\n<link rel=\"canonical\" href=\"https:\/\/www.hotelondrasuvdvur.cz\/en\/kontakt\/\" \/>\n<meta property=\"og:locale\" content=\"en_GB\" \/>\n<meta property=\"og:type\" content=\"article\" \/>\n<meta property=\"og:title\" content=\"Kontakt - Hotel Ondr\u00e1\u0161\u016fv dv\u016fr - Beskydy resort\" \/>\n<meta property=\"og:description\" content=\"Kontakt Recepce \/ rezerva\u010dn\u00ed odd\u011blen\u00ed +420 731 682 395 K dispozici: 8:00 \u2013 21:00 info@ondrasuv-dvur.cz Rezervace procedur \/ wellnesS +420 731 682 395 (VOLBA 2) K dispozici: 10:00 \u2013 21:00 wellness@ondrasuv-dvur.cz Kde n\u00e1s najdete? Hotel Ondr\u00e1\u0161\u016fv dv\u016fr ****Mezivod\u00ed 98,739 15, B\u00edl\u00e1 (okr. Fr\u00fddek-M\u00edstek) I\u010cO:26873401 Prim\u00e1rn\u00ed info@ondrasuv-dvur.cz wellness wellness@ondrasuv-dvur.cz Zaji\u0161\u0165ov\u00e1n\u00ed firemn\u00edch a jin\u00fdch akc\u00ed cicova@ondrasuv-dvur.cz\" \/>\n<meta property=\"og:url\" content=\"https:\/\/www.hotelondrasuvdvur.cz\/en\/kontakt\/\" \/>\n<meta property=\"og:site_name\" content=\"Hotel Ondr\u00e1\u0161\u016fv dv\u016fr - Beskydy resort\" \/>\n<meta property=\"article:publisher\" content=\"https:\/\/www.facebook.com\/ondrasuvdvur\" \/>\n<meta property=\"article:modified_time\" content=\"2026-04-02T13:30:14+00:00\" \/>\n<meta name=\"twitter:card\" content=\"summary_large_image\" \/>\n<meta name=\"twitter:label1\" content=\"Estimated reading time\" \/>\n\t<meta name=\"twitter:data1\" content=\"1 minute\" \/>\n<script type=\"application\/ld+json\" class=\"yoast-schema-graph\">{\"@context\":\"https:\/\/schema.org\",\"@graph\":[{\"@type\":\"WebPage\",\"@id\":\"https:\/\/www.hotelondrasuvdvur.cz\/kontakt\/\",\"url\":\"https:\/\/www.hotelondrasuvdvur.cz\/kontakt\/\",\"name\":\"Kontakt - Hotel Ondr\u00e1\u0161\u016fv dv\u016fr - Beskydy resort\",\"isPartOf\":{\"@id\":\"https:\/\/www.hotelondrasuvdvur.cz\/#website\"},\"datePublished\":\"2025-04-16T08:14:29+00:00\",\"dateModified\":\"2026-04-02T13:30:14+00:00\",\"breadcrumb\":{\"@id\":\"https:\/\/www.hotelondrasuvdvur.cz\/kontakt\/#breadcrumb\"},\"inLanguage\":\"en-GB\",\"potentialAction\":[{\"@type\":\"ReadAction\",\"target\":[\"https:\/\/www.hotelondrasuvdvur.cz\/kontakt\/\"]}]},{\"@type\":\"BreadcrumbList\",\"@id\":\"https:\/\/www.hotelondrasuvdvur.cz\/kontakt\/#breadcrumb\",\"itemListElement\":[{\"@type\":\"ListItem\",\"position\":1,\"name\":\"Dom\u016f\",\"item\":\"https:\/\/www.hotelondrasuvdvur.cz\/\"},{\"@type\":\"ListItem\",\"position\":2,\"name\":\"Kontakt\"}]},{\"@type\":\"WebSite\",\"@id\":\"https:\/\/www.hotelondrasuvdvur.cz\/#website\",\"url\":\"https:\/\/www.hotelondrasuvdvur.cz\/\",\"name\":\"Hotel Ondr\u00e1\u0161\u016fv dv\u016fr - Beskydy resort\",\"description\":\"Wellness resort pro dosp\u011bl\u00e9\",\"publisher\":{\"@id\":\"https:\/\/www.hotelondrasuvdvur.cz\/#organization\"},\"potentialAction\":[{\"@type\":\"SearchAction\",\"target\":{\"@type\":\"EntryPoint\",\"urlTemplate\":\"https:\/\/www.hotelondrasuvdvur.cz\/?s={search_term_string}\"},\"query-input\":{\"@type\":\"PropertyValueSpecification\",\"valueRequired\":true,\"valueName\":\"search_term_string\"}}],\"inLanguage\":\"en-GB\"},{\"@type\":\"Organization\",\"@id\":\"https:\/\/www.hotelondrasuvdvur.cz\/#organization\",\"name\":\"Hotel Ondr\u00e1\u0161\u016fv dv\u016fr - Beskydy resort\",\"url\":\"https:\/\/www.hotelondrasuvdvur.cz\/\",\"logo\":{\"@type\":\"ImageObject\",\"inLanguage\":\"en-GB\",\"@id\":\"https:\/\/www.hotelondrasuvdvur.cz\/#\/schema\/logo\/image\/\",\"url\":\"https:\/\/www.hotelondrasuvdvur.cz\/wp-content\/uploads\/2025\/07\/cropped-Favicon.png\",\"contentUrl\":\"https:\/\/www.hotelondrasuvdvur.cz\/wp-content\/uploads\/2025\/07\/cropped-Favicon.png\",\"width\":512,\"height\":512,\"caption\":\"Hotel Ondr\u00e1\u0161\u016fv dv\u016fr - Beskydy resort\"},\"image\":{\"@id\":\"https:\/\/www.hotelondrasuvdvur.cz\/#\/schema\/logo\/image\/\"},\"sameAs\":[\"https:\/\/www.facebook.com\/ondrasuvdvur\"]}]}<\/script>\n<!-- \/ Yoast SEO plugin. -->","yoast_head_json":{"title":"Kontakt - Hotel Ondr\u00e1\u0161\u016fv dv\u016fr - Beskydy resort","robots":{"index":"index","follow":"follow","max-snippet":"max-snippet:-1","max-image-preview":"max-image-preview:large","max-video-preview":"max-video-preview:-1"},"canonical":"https:\/\/www.hotelondrasuvdvur.cz\/en\/kontakt\/","og_locale":"en_GB","og_type":"article","og_title":"Kontakt - Hotel Ondr\u00e1\u0161\u016fv dv\u016fr - Beskydy resort","og_description":"Kontakt Recepce \/ rezerva\u010dn\u00ed odd\u011blen\u00ed +420 731 682 395 K dispozici: 8:00 \u2013 21:00 info@ondrasuv-dvur.cz Rezervace procedur \/ wellnesS +420 731 682 395 (VOLBA 2) K dispozici: 10:00 \u2013 21:00 wellness@ondrasuv-dvur.cz Kde n\u00e1s najdete? Hotel Ondr\u00e1\u0161\u016fv dv\u016fr ****Mezivod\u00ed 98,739 15, B\u00edl\u00e1 (okr. Fr\u00fddek-M\u00edstek) I\u010cO:26873401 Prim\u00e1rn\u00ed info@ondrasuv-dvur.cz wellness wellness@ondrasuv-dvur.cz Zaji\u0161\u0165ov\u00e1n\u00ed firemn\u00edch a jin\u00fdch akc\u00ed cicova@ondrasuv-dvur.cz","og_url":"https:\/\/www.hotelondrasuvdvur.cz\/en\/kontakt\/","og_site_name":"Hotel Ondr\u00e1\u0161\u016fv dv\u016fr - Beskydy resort","article_publisher":"https:\/\/www.facebook.com\/ondrasuvdvur","article_modified_time":"2026-04-02T13:30:14+00:00","twitter_card":"summary_large_image","twitter_misc":{"Estimated reading time":"1 minute"},"schema":{"@context":"https:\/\/schema.org","@graph":[{"@type":"WebPage","@id":"https:\/\/www.hotelondrasuvdvur.cz\/kontakt\/","url":"https:\/\/www.hotelondrasuvdvur.cz\/kontakt\/","name":"Kontakt - Hotel Ondr\u00e1\u0161\u016fv dv\u016fr - Beskydy resort","isPartOf":{"@id":"https:\/\/www.hotelondrasuvdvur.cz\/#website"},"datePublished":"2025-04-16T08:14:29+00:00","dateModified":"2026-04-02T13:30:14+00:00","breadcrumb":{"@id":"https:\/\/www.hotelondrasuvdvur.cz\/kontakt\/#breadcrumb"},"inLanguage":"en-GB","potentialAction":[{"@type":"ReadAction","target":["https:\/\/www.hotelondrasuvdvur.cz\/kontakt\/"]}]},{"@type":"BreadcrumbList","@id":"https:\/\/www.hotelondrasuvdvur.cz\/kontakt\/#breadcrumb","itemListElement":[{"@type":"ListItem","position":1,"name":"Dom\u016f","item":"https:\/\/www.hotelondrasuvdvur.cz\/"},{"@type":"ListItem","position":2,"name":"Kontakt"}]},{"@type":"WebSite","@id":"https:\/\/www.hotelondrasuvdvur.cz\/#website","url":"https:\/\/www.hotelondrasuvdvur.cz\/","name":"Hotel Ondr\u00e1\u0161\u016fv dv\u016fr - Beskydy resort","description":"Wellness resort pro dosp\u011bl\u00e9","publisher":{"@id":"https:\/\/www.hotelondrasuvdvur.cz\/#organization"},"potentialAction":[{"@type":"SearchAction","target":{"@type":"EntryPoint","urlTemplate":"https:\/\/www.hotelondrasuvdvur.cz\/?s={search_term_string}"},"query-input":{"@type":"PropertyValueSpecification","valueRequired":true,"valueName":"search_term_string"}}],"inLanguage":"en-GB"},{"@type":"Organization","@id":"https:\/\/www.hotelondrasuvdvur.cz\/#organization","name":"Hotel Ondr\u00e1\u0161\u016fv dv\u016fr - Beskydy resort","url":"https:\/\/www.hotelondrasuvdvur.cz\/","logo":{"@type":"ImageObject","inLanguage":"en-GB","@id":"https:\/\/www.hotelondrasuvdvur.cz\/#\/schema\/logo\/image\/","url":"https:\/\/www.hotelondrasuvdvur.cz\/wp-content\/uploads\/2025\/07\/cropped-Favicon.png","contentUrl":"https:\/\/www.hotelondrasuvdvur.cz\/wp-content\/uploads\/2025\/07\/cropped-Favicon.png","width":512,"height":512,"caption":"Hotel Ondr\u00e1\u0161\u016fv dv\u016fr - Beskydy resort"},"image":{"@id":"https:\/\/www.hotelondrasuvdvur.cz\/#\/schema\/logo\/image\/"},"sameAs":["https:\/\/www.facebook.com\/ondrasuvdvur"]}]}},"_links":{"self":[{"href":"https:\/\/www.hotelondrasuvdvur.cz\/en\/wp-json\/wp\/v2\/pages\/31","targetHints":{"allow":["GET"]}}],"collection":[{"href":"https:\/\/www.hotelondrasuvdvur.cz\/en\/wp-json\/wp\/v2\/pages"}],"about":[{"href":"https:\/\/www.hotelondrasuvdvur.cz\/en\/wp-json\/wp\/v2\/types\/page"}],"author":[{"embeddable":true,"href":"https:\/\/www.hotelondrasuvdvur.cz\/en\/wp-json\/wp\/v2\/users\/1"}],"replies":[{"embeddable":true,"href":"https:\/\/www.hotelondrasuvdvur.cz\/en\/wp-json\/wp\/v2\/comments?post=31"}],"version-history":[{"count":0,"href":"https:\/\/www.hotelondrasuvdvur.cz\/en\/wp-json\/wp\/v2\/pages\/31\/revisions"}],"wp:attachment":[{"href":"https:\/\/www.hotelondrasuvdvur.cz\/en\/wp-json\/wp\/v2\/media?parent=31"}],"curies":[{"name":"wp","href":"https:\/\/api.w.org\/{rel}","templated":true}]}}