{"id":870,"date":"2025-05-26T11:37:44","date_gmt":"2025-05-26T09:37:44","guid":{"rendered":"https:\/\/www.hotelondrasuvdvur.cz\/?page_id=870"},"modified":"2026-01-07T09:02:54","modified_gmt":"2026-01-07T08:02:54","slug":"firmy","status":"publish","type":"page","link":"https:\/\/www.hotelondrasuvdvur.cz\/en\/firmy\/","title":{"rendered":"Fotogalerie Firmy"},"content":{"rendered":"<div data-elementor-type=\"wp-page\" data-elementor-id=\"870\" class=\"elementor elementor-870\" data-elementor-post-type=\"page\">\n\t\t\t\t<div class=\"elementor-element elementor-element-382a27c e-con-full e-flex e-con e-parent\" data-id=\"382a27c\" data-element_type=\"container\" data-settings=\"{&quot;background_background&quot;:&quot;classic&quot;}\">\n\t\t\t\t<div class=\"elementor-element elementor-element-b3a1dd6 elementor-widget elementor-widget-spacer\" data-id=\"b3a1dd6\" data-element_type=\"widget\" data-widget_type=\"spacer.default\">\n\t\t\t\t<div class=\"elementor-widget-container\">\n\t\t\t\t\t\t\t<div class=\"elementor-spacer\">\n\t\t\t<div class=\"elementor-spacer-inner\"><\/div>\n\t\t<\/div>\n\t\t\t\t\t\t<\/div>\n\t\t\t\t<\/div>\n\t\t\t\t<\/div>\n\t\t<div class=\"elementor-element elementor-element-6c7d429 e-con-full e-flex e-con e-parent\" data-id=\"6c7d429\" data-element_type=\"container\">\n\t\t\t\t<div class=\"elementor-element elementor-element-f9bc1a9 elementor-widget elementor-widget-gallery\" data-id=\"f9bc1a9\" data-element_type=\"widget\" data-settings=\"{&quot;gap&quot;:{&quot;unit&quot;:&quot;px&quot;,&quot;size&quot;:2,&quot;sizes&quot;:[]},&quot;gap_tablet&quot;:{&quot;unit&quot;:&quot;px&quot;,&quot;size&quot;:2,&quot;sizes&quot;:[]},&quot;gap_mobile&quot;:{&quot;unit&quot;:&quot;px&quot;,&quot;size&quot;:2,&quot;sizes&quot;:[]},&quot;columns&quot;:3,&quot;lazyload&quot;:&quot;yes&quot;,&quot;gallery_layout&quot;:&quot;grid&quot;,&quot;columns_tablet&quot;:2,&quot;columns_mobile&quot;:1,&quot;link_to&quot;:&quot;file&quot;,&quot;aspect_ratio&quot;:&quot;3:2&quot;,&quot;overlay_background&quot;:&quot;yes&quot;,&quot;content_hover_animation&quot;:&quot;fade-in&quot;}\" data-widget_type=\"gallery.default\">\n\t\t\t\t<div class=\"elementor-widget-container\">\n\t\t\t\t\t\t\t<div class=\"elementor-gallery__container\">\n\t\t\t\t\t\t\t<a class=\"e-gallery-item elementor-gallery-item elementor-animated-content\" href=\"https:\/\/www.hotelondrasuvdvur.cz\/wp-content\/uploads\/2025\/05\/1-kopie-2.webp\" data-elementor-open-lightbox=\"yes\" data-elementor-lightbox-slideshow=\"f9bc1a9\" data-elementor-lightbox-title=\"1 kopie\" data-e-action-hash=\"#elementor-action%3Aaction%3Dlightbox%26settings%3DeyJpZCI6ODczLCJ1cmwiOiJodHRwczpcL1wvd3d3LmhvdGVsb25kcmFzdXZkdnVyLmN6XC93cC1jb250ZW50XC91cGxvYWRzXC8yMDI1XC8wNVwvMS1rb3BpZS0yLndlYnAiLCJzbGlkZXNob3ciOiJmOWJjMWE5In0%3D\">\n\t\t\t\t\t<div class=\"e-gallery-image elementor-gallery-item__image\" data-thumbnail=\"https:\/\/www.hotelondrasuvdvur.cz\/wp-content\/uploads\/2025\/05\/1-kopie-2.webp\" data-width=\"1981\" data-height=\"1321\" aria-label=\"\" role=\"img\" ><\/div>\n\t\t\t\t\t\t\t\t\t\t\t<div class=\"elementor-gallery-item__overlay\"><\/div>\n\t\t\t\t\t\t\t\t\t\t\t\t\t\t<\/a>\n\t\t\t\t\t\t\t<a class=\"e-gallery-item elementor-gallery-item elementor-animated-content\" href=\"https:\/\/www.hotelondrasuvdvur.cz\/wp-content\/uploads\/2025\/05\/2-4.jpeg\" data-elementor-open-lightbox=\"yes\" data-elementor-lightbox-slideshow=\"f9bc1a9\" data-e-action-hash=\"#elementor-action%3Aaction%3Dlightbox%26settings%3DeyJpZCI6ODc1LCJ1cmwiOiJodHRwczpcL1wvd3d3LmhvdGVsb25kcmFzdXZkdnVyLmN6XC93cC1jb250ZW50XC91cGxvYWRzXC8yMDI1XC8wNVwvMi00LmpwZWciLCJzbGlkZXNob3ciOiJmOWJjMWE5In0%3D\">\n\t\t\t\t\t<div class=\"e-gallery-image elementor-gallery-item__image\" data-thumbnail=\"https:\/\/www.hotelondrasuvdvur.cz\/wp-content\/uploads\/2025\/05\/2-4.jpeg\" data-width=\"2560\" data-height=\"1707\" aria-label=\"\" role=\"img\" ><\/div>\n\t\t\t\t\t\t\t\t\t\t\t<div class=\"elementor-gallery-item__overlay\"><\/div>\n\t\t\t\t\t\t\t\t\t\t\t\t\t\t<\/a>\n\t\t\t\t\t\t\t<a class=\"e-gallery-item elementor-gallery-item elementor-animated-content\" href=\"https:\/\/www.hotelondrasuvdvur.cz\/wp-content\/uploads\/2025\/05\/6-kopie-1.webp\" data-elementor-open-lightbox=\"yes\" data-elementor-lightbox-slideshow=\"f9bc1a9\" data-elementor-lightbox-title=\"6 kopie\" data-e-action-hash=\"#elementor-action%3Aaction%3Dlightbox%26settings%3DeyJpZCI6ODgxLCJ1cmwiOiJodHRwczpcL1wvd3d3LmhvdGVsb25kcmFzdXZkdnVyLmN6XC93cC1jb250ZW50XC91cGxvYWRzXC8yMDI1XC8wNVwvNi1rb3BpZS0xLndlYnAiLCJzbGlkZXNob3ciOiJmOWJjMWE5In0%3D\">\n\t\t\t\t\t<div class=\"e-gallery-image elementor-gallery-item__image\" data-thumbnail=\"https:\/\/www.hotelondrasuvdvur.cz\/wp-content\/uploads\/2025\/05\/6-kopie-1.webp\" data-width=\"1862\" data-height=\"1262\" aria-label=\"\" role=\"img\" ><\/div>\n\t\t\t\t\t\t\t\t\t\t\t<div class=\"elementor-gallery-item__overlay\"><\/div>\n\t\t\t\t\t\t\t\t\t\t\t\t\t\t<\/a>\n\t\t\t\t\t\t\t<a class=\"e-gallery-item elementor-gallery-item elementor-animated-content\" href=\"https:\/\/www.hotelondrasuvdvur.cz\/wp-content\/uploads\/2025\/05\/3-4.jpeg\" data-elementor-open-lightbox=\"yes\" data-elementor-lightbox-slideshow=\"f9bc1a9\" data-e-action-hash=\"#elementor-action%3Aaction%3Dlightbox%26settings%3DeyJpZCI6ODc2LCJ1cmwiOiJodHRwczpcL1wvd3d3LmhvdGVsb25kcmFzdXZkdnVyLmN6XC93cC1jb250ZW50XC91cGxvYWRzXC8yMDI1XC8wNVwvMy00LmpwZWciLCJzbGlkZXNob3ciOiJmOWJjMWE5In0%3D\">\n\t\t\t\t\t<div class=\"e-gallery-image elementor-gallery-item__image\" data-thumbnail=\"https:\/\/www.hotelondrasuvdvur.cz\/wp-content\/uploads\/2025\/05\/3-4.jpeg\" data-width=\"1920\" data-height=\"1282\" aria-label=\"\" role=\"img\" ><\/div>\n\t\t\t\t\t\t\t\t\t\t\t<div class=\"elementor-gallery-item__overlay\"><\/div>\n\t\t\t\t\t\t\t\t\t\t\t\t\t\t<\/a>\n\t\t\t\t\t\t\t<a class=\"e-gallery-item elementor-gallery-item elementor-animated-content\" href=\"https:\/\/www.hotelondrasuvdvur.cz\/wp-content\/uploads\/2026\/01\/Loutocky_COM_DSC_4351.jpg\" data-elementor-open-lightbox=\"yes\" data-elementor-lightbox-slideshow=\"f9bc1a9\" data-elementor-lightbox-title=\"Loutocky_COM_DSC_4351\" data-e-action-hash=\"#elementor-action%3Aaction%3Dlightbox%26settings%3DeyJpZCI6MjQ1OCwidXJsIjoiaHR0cHM6XC9cL3d3dy5ob3RlbG9uZHJhc3V2ZHZ1ci5jelwvd3AtY29udGVudFwvdXBsb2Fkc1wvMjAyNlwvMDFcL0xvdXRvY2t5X0NPTV9EU0NfNDM1MS5qcGciLCJzbGlkZXNob3ciOiJmOWJjMWE5In0%3D\">\n\t\t\t\t\t<div class=\"e-gallery-image elementor-gallery-item__image\" data-thumbnail=\"https:\/\/www.hotelondrasuvdvur.cz\/wp-content\/uploads\/2026\/01\/Loutocky_COM_DSC_4351.jpg\" data-width=\"8159\" data-height=\"5439\" aria-label=\"\" role=\"img\" ><\/div>\n\t\t\t\t\t\t\t\t\t\t\t<div class=\"elementor-gallery-item__overlay\"><\/div>\n\t\t\t\t\t\t\t\t\t\t\t\t\t\t<\/a>\n\t\t\t\t\t\t\t<a class=\"e-gallery-item elementor-gallery-item elementor-animated-content\" href=\"https:\/\/www.hotelondrasuvdvur.cz\/wp-content\/uploads\/2026\/01\/Loutocky_COM_DSC_4383-Edit-scaled.jpg\" data-elementor-open-lightbox=\"yes\" data-elementor-lightbox-slideshow=\"f9bc1a9\" data-elementor-lightbox-title=\"Loutocky_COM_DSC_4383-Edit\" data-e-action-hash=\"#elementor-action%3Aaction%3Dlightbox%26settings%3DeyJpZCI6MjQ1OSwidXJsIjoiaHR0cHM6XC9cL3d3dy5ob3RlbG9uZHJhc3V2ZHZ1ci5jelwvd3AtY29udGVudFwvdXBsb2Fkc1wvMjAyNlwvMDFcL0xvdXRvY2t5X0NPTV9EU0NfNDM4My1FZGl0LXNjYWxlZC5qcGciLCJzbGlkZXNob3ciOiJmOWJjMWE5In0%3D\">\n\t\t\t\t\t<div class=\"e-gallery-image elementor-gallery-item__image\" data-thumbnail=\"https:\/\/www.hotelondrasuvdvur.cz\/wp-content\/uploads\/2026\/01\/Loutocky_COM_DSC_4383-Edit-scaled.jpg\" data-width=\"2560\" data-height=\"1707\" aria-label=\"\" role=\"img\" ><\/div>\n\t\t\t\t\t\t\t\t\t\t\t<div class=\"elementor-gallery-item__overlay\"><\/div>\n\t\t\t\t\t\t\t\t\t\t\t\t\t\t<\/a>\n\t\t\t\t\t\t\t<a class=\"e-gallery-item elementor-gallery-item elementor-animated-content\" href=\"https:\/\/www.hotelondrasuvdvur.cz\/wp-content\/uploads\/2025\/05\/4-kopie-3.webp\" data-elementor-open-lightbox=\"yes\" data-elementor-lightbox-slideshow=\"f9bc1a9\" data-elementor-lightbox-title=\"4 kopie\" data-e-action-hash=\"#elementor-action%3Aaction%3Dlightbox%26settings%3DeyJpZCI6ODc3LCJ1cmwiOiJodHRwczpcL1wvd3d3LmhvdGVsb25kcmFzdXZkdnVyLmN6XC93cC1jb250ZW50XC91cGxvYWRzXC8yMDI1XC8wNVwvNC1rb3BpZS0zLndlYnAiLCJzbGlkZXNob3ciOiJmOWJjMWE5In0%3D\">\n\t\t\t\t\t<div class=\"e-gallery-image elementor-gallery-item__image\" data-thumbnail=\"https:\/\/www.hotelondrasuvdvur.cz\/wp-content\/uploads\/2025\/05\/4-kopie-3.webp\" data-width=\"1888\" data-height=\"1258\" aria-label=\"\" role=\"img\" ><\/div>\n\t\t\t\t\t\t\t\t\t\t\t<div class=\"elementor-gallery-item__overlay\"><\/div>\n\t\t\t\t\t\t\t\t\t\t\t\t\t\t<\/a>\n\t\t\t\t\t\t\t<a class=\"e-gallery-item elementor-gallery-item elementor-animated-content\" href=\"https:\/\/www.hotelondrasuvdvur.cz\/wp-content\/uploads\/2025\/05\/5-kopie-2.webp\" data-elementor-open-lightbox=\"yes\" data-elementor-lightbox-slideshow=\"f9bc1a9\" data-elementor-lightbox-title=\"5 kopie\" data-e-action-hash=\"#elementor-action%3Aaction%3Dlightbox%26settings%3DeyJpZCI6ODc5LCJ1cmwiOiJodHRwczpcL1wvd3d3LmhvdGVsb25kcmFzdXZkdnVyLmN6XC93cC1jb250ZW50XC91cGxvYWRzXC8yMDI1XC8wNVwvNS1rb3BpZS0yLndlYnAiLCJzbGlkZXNob3ciOiJmOWJjMWE5In0%3D\">\n\t\t\t\t\t<div class=\"e-gallery-image elementor-gallery-item__image\" data-thumbnail=\"https:\/\/www.hotelondrasuvdvur.cz\/wp-content\/uploads\/2025\/05\/5-kopie-2.webp\" data-width=\"1868\" data-height=\"1246\" aria-label=\"\" role=\"img\" ><\/div>\n\t\t\t\t\t\t\t\t\t\t\t<div class=\"elementor-gallery-item__overlay\"><\/div>\n\t\t\t\t\t\t\t\t\t\t\t\t\t\t<\/a>\n\t\t\t\t\t\t\t<a class=\"e-gallery-item elementor-gallery-item elementor-animated-content\" href=\"https:\/\/www.hotelondrasuvdvur.cz\/wp-content\/uploads\/2025\/05\/7-4.jpeg\" data-elementor-open-lightbox=\"yes\" data-elementor-lightbox-slideshow=\"f9bc1a9\" data-e-action-hash=\"#elementor-action%3Aaction%3Dlightbox%26settings%3DeyJpZCI6ODgzLCJ1cmwiOiJodHRwczpcL1wvd3d3LmhvdGVsb25kcmFzdXZkdnVyLmN6XC93cC1jb250ZW50XC91cGxvYWRzXC8yMDI1XC8wNVwvNy00LmpwZWciLCJzbGlkZXNob3ciOiJmOWJjMWE5In0%3D\">\n\t\t\t\t\t<div class=\"e-gallery-image elementor-gallery-item__image\" data-thumbnail=\"https:\/\/www.hotelondrasuvdvur.cz\/wp-content\/uploads\/2025\/05\/7-4.jpeg\" data-width=\"1920\" data-height=\"1279\" aria-label=\"\" role=\"img\" ><\/div>\n\t\t\t\t\t\t\t\t\t\t\t<div class=\"elementor-gallery-item__overlay\"><\/div>\n\t\t\t\t\t\t\t\t\t\t\t\t\t\t<\/a>\n\t\t\t\t\t\t\t<a class=\"e-gallery-item elementor-gallery-item elementor-animated-content\" href=\"https:\/\/www.hotelondrasuvdvur.cz\/wp-content\/uploads\/2025\/05\/8-4.jpeg\" data-elementor-open-lightbox=\"yes\" data-elementor-lightbox-slideshow=\"f9bc1a9\" data-e-action-hash=\"#elementor-action%3Aaction%3Dlightbox%26settings%3DeyJpZCI6ODg0LCJ1cmwiOiJodHRwczpcL1wvd3d3LmhvdGVsb25kcmFzdXZkdnVyLmN6XC93cC1jb250ZW50XC91cGxvYWRzXC8yMDI1XC8wNVwvOC00LmpwZWciLCJzbGlkZXNob3ciOiJmOWJjMWE5In0%3D\">\n\t\t\t\t\t<div class=\"e-gallery-image elementor-gallery-item__image\" data-thumbnail=\"https:\/\/www.hotelondrasuvdvur.cz\/wp-content\/uploads\/2025\/05\/8-4.jpeg\" data-width=\"1920\" data-height=\"1282\" aria-label=\"\" role=\"img\" ><\/div>\n\t\t\t\t\t\t\t\t\t\t\t<div class=\"elementor-gallery-item__overlay\"><\/div>\n\t\t\t\t\t\t\t\t\t\t\t\t\t\t<\/a>\n\t\t\t\t\t\t\t<a class=\"e-gallery-item elementor-gallery-item elementor-animated-content\" href=\"https:\/\/www.hotelondrasuvdvur.cz\/wp-content\/uploads\/2025\/05\/9-4.jpeg\" data-elementor-open-lightbox=\"yes\" data-elementor-lightbox-slideshow=\"f9bc1a9\" data-e-action-hash=\"#elementor-action%3Aaction%3Dlightbox%26settings%3DeyJpZCI6ODg1LCJ1cmwiOiJodHRwczpcL1wvd3d3LmhvdGVsb25kcmFzdXZkdnVyLmN6XC93cC1jb250ZW50XC91cGxvYWRzXC8yMDI1XC8wNVwvOS00LmpwZWciLCJzbGlkZXNob3ciOiJmOWJjMWE5In0%3D\">\n\t\t\t\t\t<div class=\"e-gallery-image elementor-gallery-item__image\" data-thumbnail=\"https:\/\/www.hotelondrasuvdvur.cz\/wp-content\/uploads\/2025\/05\/9-4.jpeg\" data-width=\"1333\" data-height=\"2000\" aria-label=\"\" role=\"img\" ><\/div>\n\t\t\t\t\t\t\t\t\t\t\t<div class=\"elementor-gallery-item__overlay\"><\/div>\n\t\t\t\t\t\t\t\t\t\t\t\t\t\t<\/a>\n\t\t\t\t\t<\/div>\n\t\t\t\t\t<\/div>\n\t\t\t\t<\/div>\n\t\t\t\t<\/div>\n\t\t\t\t<\/div>","protected":false},"excerpt":{"rendered":"","protected":false},"author":2,"featured_media":0,"parent":0,"menu_order":0,"comment_status":"closed","ping_status":"closed","template":"elementor_header_footer","meta":{"footnotes":""},"class_list":["post-870","page","type-page","status-publish","hentry"],"yoast_head":"<!-- This site is optimized with the Yoast SEO plugin v26.8 - https:\/\/yoast.com\/product\/yoast-seo-wordpress\/ -->\n<title>Fotogalerie Firmy - Hotel Ondr\u00e1\u0161\u016fv dv\u016fr - Beskydy resort<\/title>\n<meta name=\"robots\" content=\"index, follow, max-snippet:-1, max-image-preview:large, max-video-preview:-1\" \/>\n<link rel=\"canonical\" href=\"https:\/\/www.hotelondrasuvdvur.cz\/en\/firmy\/\" \/>\n<meta property=\"og:locale\" content=\"en_GB\" \/>\n<meta property=\"og:type\" content=\"article\" \/>\n<meta property=\"og:title\" content=\"Fotogalerie Firmy - Hotel Ondr\u00e1\u0161\u016fv dv\u016fr - Beskydy resort\" \/>\n<meta property=\"og:url\" content=\"https:\/\/www.hotelondrasuvdvur.cz\/en\/firmy\/\" \/>\n<meta property=\"og:site_name\" content=\"Hotel Ondr\u00e1\u0161\u016fv dv\u016fr - Beskydy resort\" \/>\n<meta property=\"article:publisher\" content=\"https:\/\/www.facebook.com\/ondrasuvdvur\" \/>\n<meta property=\"article:modified_time\" content=\"2026-01-07T08:02:54+00:00\" \/>\n<meta name=\"twitter:card\" content=\"summary_large_image\" \/>\n<script type=\"application\/ld+json\" class=\"yoast-schema-graph\">{\"@context\":\"https:\/\/schema.org\",\"@graph\":[{\"@type\":\"WebPage\",\"@id\":\"https:\/\/www.hotelondrasuvdvur.cz\/firmy\/\",\"url\":\"https:\/\/www.hotelondrasuvdvur.cz\/firmy\/\",\"name\":\"Fotogalerie Firmy - Hotel Ondr\u00e1\u0161\u016fv dv\u016fr - Beskydy resort\",\"isPartOf\":{\"@id\":\"https:\/\/www.hotelondrasuvdvur.cz\/#website\"},\"datePublished\":\"2025-05-26T09:37:44+00:00\",\"dateModified\":\"2026-01-07T08:02:54+00:00\",\"breadcrumb\":{\"@id\":\"https:\/\/www.hotelondrasuvdvur.cz\/firmy\/#breadcrumb\"},\"inLanguage\":\"en-GB\",\"potentialAction\":[{\"@type\":\"ReadAction\",\"target\":[\"https:\/\/www.hotelondrasuvdvur.cz\/firmy\/\"]}]},{\"@type\":\"BreadcrumbList\",\"@id\":\"https:\/\/www.hotelondrasuvdvur.cz\/firmy\/#breadcrumb\",\"itemListElement\":[{\"@type\":\"ListItem\",\"position\":1,\"name\":\"Dom\u016f\",\"item\":\"https:\/\/www.hotelondrasuvdvur.cz\/\"},{\"@type\":\"ListItem\",\"position\":2,\"name\":\"Fotogalerie Firmy\"}]},{\"@type\":\"WebSite\",\"@id\":\"https:\/\/www.hotelondrasuvdvur.cz\/#website\",\"url\":\"https:\/\/www.hotelondrasuvdvur.cz\/\",\"name\":\"Hotel Ondr\u00e1\u0161\u016fv dv\u016fr - Beskydy resort\",\"description\":\"Wellness resort pro dosp\u011bl\u00e9\",\"publisher\":{\"@id\":\"https:\/\/www.hotelondrasuvdvur.cz\/#organization\"},\"potentialAction\":[{\"@type\":\"SearchAction\",\"target\":{\"@type\":\"EntryPoint\",\"urlTemplate\":\"https:\/\/www.hotelondrasuvdvur.cz\/?s={search_term_string}\"},\"query-input\":{\"@type\":\"PropertyValueSpecification\",\"valueRequired\":true,\"valueName\":\"search_term_string\"}}],\"inLanguage\":\"en-GB\"},{\"@type\":\"Organization\",\"@id\":\"https:\/\/www.hotelondrasuvdvur.cz\/#organization\",\"name\":\"Hotel Ondr\u00e1\u0161\u016fv dv\u016fr - Beskydy resort\",\"url\":\"https:\/\/www.hotelondrasuvdvur.cz\/\",\"logo\":{\"@type\":\"ImageObject\",\"inLanguage\":\"en-GB\",\"@id\":\"https:\/\/www.hotelondrasuvdvur.cz\/#\/schema\/logo\/image\/\",\"url\":\"https:\/\/www.hotelondrasuvdvur.cz\/wp-content\/uploads\/2025\/07\/cropped-Favicon.png\",\"contentUrl\":\"https:\/\/www.hotelondrasuvdvur.cz\/wp-content\/uploads\/2025\/07\/cropped-Favicon.png\",\"width\":512,\"height\":512,\"caption\":\"Hotel Ondr\u00e1\u0161\u016fv dv\u016fr - Beskydy resort\"},\"image\":{\"@id\":\"https:\/\/www.hotelondrasuvdvur.cz\/#\/schema\/logo\/image\/\"},\"sameAs\":[\"https:\/\/www.facebook.com\/ondrasuvdvur\"]}]}<\/script>\n<!-- \/ Yoast SEO plugin. -->","yoast_head_json":{"title":"Fotogalerie Firmy - Hotel Ondr\u00e1\u0161\u016fv dv\u016fr - Beskydy resort","robots":{"index":"index","follow":"follow","max-snippet":"max-snippet:-1","max-image-preview":"max-image-preview:large","max-video-preview":"max-video-preview:-1"},"canonical":"https:\/\/www.hotelondrasuvdvur.cz\/en\/firmy\/","og_locale":"en_GB","og_type":"article","og_title":"Fotogalerie Firmy - Hotel Ondr\u00e1\u0161\u016fv dv\u016fr - Beskydy resort","og_url":"https:\/\/www.hotelondrasuvdvur.cz\/en\/firmy\/","og_site_name":"Hotel Ondr\u00e1\u0161\u016fv dv\u016fr - Beskydy resort","article_publisher":"https:\/\/www.facebook.com\/ondrasuvdvur","article_modified_time":"2026-01-07T08:02:54+00:00","twitter_card":"summary_large_image","schema":{"@context":"https:\/\/schema.org","@graph":[{"@type":"WebPage","@id":"https:\/\/www.hotelondrasuvdvur.cz\/firmy\/","url":"https:\/\/www.hotelondrasuvdvur.cz\/firmy\/","name":"Fotogalerie Firmy - Hotel Ondr\u00e1\u0161\u016fv dv\u016fr - Beskydy resort","isPartOf":{"@id":"https:\/\/www.hotelondrasuvdvur.cz\/#website"},"datePublished":"2025-05-26T09:37:44+00:00","dateModified":"2026-01-07T08:02:54+00:00","breadcrumb":{"@id":"https:\/\/www.hotelondrasuvdvur.cz\/firmy\/#breadcrumb"},"inLanguage":"en-GB","potentialAction":[{"@type":"ReadAction","target":["https:\/\/www.hotelondrasuvdvur.cz\/firmy\/"]}]},{"@type":"BreadcrumbList","@id":"https:\/\/www.hotelondrasuvdvur.cz\/firmy\/#breadcrumb","itemListElement":[{"@type":"ListItem","position":1,"name":"Dom\u016f","item":"https:\/\/www.hotelondrasuvdvur.cz\/"},{"@type":"ListItem","position":2,"name":"Fotogalerie Firmy"}]},{"@type":"WebSite","@id":"https:\/\/www.hotelondrasuvdvur.cz\/#website","url":"https:\/\/www.hotelondrasuvdvur.cz\/","name":"Hotel Ondr\u00e1\u0161\u016fv dv\u016fr - Beskydy resort","description":"Wellness resort pro dosp\u011bl\u00e9","publisher":{"@id":"https:\/\/www.hotelondrasuvdvur.cz\/#organization"},"potentialAction":[{"@type":"SearchAction","target":{"@type":"EntryPoint","urlTemplate":"https:\/\/www.hotelondrasuvdvur.cz\/?s={search_term_string}"},"query-input":{"@type":"PropertyValueSpecification","valueRequired":true,"valueName":"search_term_string"}}],"inLanguage":"en-GB"},{"@type":"Organization","@id":"https:\/\/www.hotelondrasuvdvur.cz\/#organization","name":"Hotel Ondr\u00e1\u0161\u016fv dv\u016fr - Beskydy resort","url":"https:\/\/www.hotelondrasuvdvur.cz\/","logo":{"@type":"ImageObject","inLanguage":"en-GB","@id":"https:\/\/www.hotelondrasuvdvur.cz\/#\/schema\/logo\/image\/","url":"https:\/\/www.hotelondrasuvdvur.cz\/wp-content\/uploads\/2025\/07\/cropped-Favicon.png","contentUrl":"https:\/\/www.hotelondrasuvdvur.cz\/wp-content\/uploads\/2025\/07\/cropped-Favicon.png","width":512,"height":512,"caption":"Hotel Ondr\u00e1\u0161\u016fv dv\u016fr - Beskydy resort"},"image":{"@id":"https:\/\/www.hotelondrasuvdvur.cz\/#\/schema\/logo\/image\/"},"sameAs":["https:\/\/www.facebook.com\/ondrasuvdvur"]}]}},"_links":{"self":[{"href":"https:\/\/www.hotelondrasuvdvur.cz\/en\/wp-json\/wp\/v2\/pages\/870","targetHints":{"allow":["GET"]}}],"collection":[{"href":"https:\/\/www.hotelondrasuvdvur.cz\/en\/wp-json\/wp\/v2\/pages"}],"about":[{"href":"https:\/\/www.hotelondrasuvdvur.cz\/en\/wp-json\/wp\/v2\/types\/page"}],"author":[{"embeddable":true,"href":"https:\/\/www.hotelondrasuvdvur.cz\/en\/wp-json\/wp\/v2\/users\/2"}],"replies":[{"embeddable":true,"href":"https:\/\/www.hotelondrasuvdvur.cz\/en\/wp-json\/wp\/v2\/comments?post=870"}],"version-history":[{"count":0,"href":"https:\/\/www.hotelondrasuvdvur.cz\/en\/wp-json\/wp\/v2\/pages\/870\/revisions"}],"wp:attachment":[{"href":"https:\/\/www.hotelondrasuvdvur.cz\/en\/wp-json\/wp\/v2\/media?parent=870"}],"curies":[{"name":"wp","href":"https:\/\/api.w.org\/{rel}","templated":true}]}}